{"id":37,"date":"2022-08-28T22:00:55","date_gmt":"2022-08-28T20:00:55","guid":{"rendered":"https:\/\/www.hhpce.cz\/?page_id=37"},"modified":"2024-06-02T17:53:38","modified_gmt":"2024-06-02T15:53:38","slug":"nase-cile","status":"publish","type":"page","link":"https:\/\/www.hhpce.cz\/?page_id=37","title":{"rendered":"Na\u0161e c\u00edle"},"content":{"rendered":"\r\n<h2 class=\"wp-block-heading\" style=\"text-align: left;\">Spolupr\u00e1ce<\/h2>\r\n\r\n\r\n\r\n<h3>D\u00edky spolupr\u00e1ci HHP s archeology bylo objeveno mnoho v\u00fdznamn\u00fdch n\u00e1lez\u016f, kter\u00e9 obohatily pozn\u00e1n\u00ed historie Pardubick\u00e9ho kraje. Mezi tyto n\u00e1lezy pat\u0159\u00ed nap\u0159\u00edklad mince, zbran\u011b, \u0161perky a r\u016fzn\u00e9 n\u00e1stroje, kter\u00e9 poskytuj\u00ed cenn\u00e9 informace o \u017eivot\u011b a kultu\u0159e lid\u00ed v minulosti. HHP se tak\u00e9 pod\u00edl\u00ed na r\u016fzn\u00fdch archeologick\u00fdch projektech a vykop\u00e1vk\u00e1ch. Nap\u0159\u00edklad spolupracuj\u00ed na pr\u016fzkumech star\u00fdch osad, bitevn\u00edch pol\u00ed nebo obchodn\u00edch cest. T\u00edmto zp\u016fsobem se poda\u0159ilo mapovat a dokumentovat d\u016fle\u017eit\u00e9 historick\u00e9 lokality a p\u0159isp\u011bt k jejich ochran\u011b.<\/h3>\r\n<h2>Osv\u011bta a vzd\u011bl\u00e1v\u00e1n\u00ed<\/h2>\r\n<h3>Dal\u0161\u00edm d\u016fle\u017eit\u00fdm aspektem \u010dinnosti HHP je osv\u011bta a vzd\u011bl\u00e1v\u00e1n\u00ed ve\u0159ejnosti. Sdru\u017een\u00ed po\u0159\u00e1d\u00e1 p\u0159edn\u00e1\u0161ky, kde se sna\u017e\u00ed p\u0159ibl\u00ed\u017eit historii a archeologii \u0161irok\u00e9 ve\u0159ejnosti. C\u00edlem t\u011bchto aktivit je nejen zvy\u0161ovat pov\u011bdom\u00ed o v\u00fdznamu ochrany kulturn\u00edho d\u011bdictv\u00ed, ale tak\u00e9 inspirovat nov\u00e9 generace detektor\u00e1\u0159\u016f a historik\u016f.<\/h3>\r\n<h2>Z\u00e1v\u011br<\/h2>\r\n<h3>HHP Hleda\u010di Historie Pardubicko jsou p\u0159\u00edkladem toho, jak m\u016f\u017ee efektivn\u00ed spolupr\u00e1ce mezi amat\u00e9rsk\u00fdmi hleda\u010di a profesion\u00e1ln\u00edmi archeology p\u0159in\u00e9st cenn\u00e9 v\u00fdsledky. Jejich pr\u00e1ce ukazuje, \u017ee s vhodn\u00fdm p\u0159\u00edstupem a vz\u00e1jemn\u00fdm respektem mohou tyto dv\u011b skupiny spole\u010dn\u011b p\u0159isp\u011bt k ochran\u011b a pozn\u00e1n\u00ed na\u0161eho kulturn\u00edho d\u011bdictv\u00ed. HHP nad\u00e1le pokra\u010duje ve sv\u00e9m posl\u00e1n\u00ed, obohacuje pozn\u00e1n\u00ed historie Pardubicka a inspiruje dal\u0161\u00ed generace k p\u00e9\u010di o na\u0161e spole\u010dn\u00e9 d\u011bdictv\u00ed.<\/h3>\r\n<div>\u00a0<\/div>\r\n\r\n\r\n\r\n<div class=\"wp-block-group\"><div class=\"wp-block-group__inner-container is-layout-flow wp-block-group-is-layout-flow\">\r\n<figure class=\"wp-block-gallery has-nested-images columns-default is-cropped wp-block-gallery-1 is-layout-flex wp-block-gallery-is-layout-flex\">\r\n<figure class=\"wp-block-image size-large\"><img loading=\"lazy\" decoding=\"async\" width=\"1024\" height=\"485\" data-id=\"88\" class=\"wp-image-88\" src=\"https:\/\/www.hhpce.cz\/wp-content\/uploads\/2022\/09\/175930777_324055465727237_1182274540210742759_n-1024x485.jpg\" alt=\"\" srcset=\"https:\/\/www.hhpce.cz\/wp-content\/uploads\/2022\/09\/175930777_324055465727237_1182274540210742759_n-1024x485.jpg 1024w, https:\/\/www.hhpce.cz\/wp-content\/uploads\/2022\/09\/175930777_324055465727237_1182274540210742759_n-300x142.jpg 300w, https:\/\/www.hhpce.cz\/wp-content\/uploads\/2022\/09\/175930777_324055465727237_1182274540210742759_n-768x364.jpg 768w, https:\/\/www.hhpce.cz\/wp-content\/uploads\/2022\/09\/175930777_324055465727237_1182274540210742759_n-127x60.jpg 127w, https:\/\/www.hhpce.cz\/wp-content\/uploads\/2022\/09\/175930777_324055465727237_1182274540210742759_n.jpg 1352w\" sizes=\"auto, (max-width: 1024px) 100vw, 1024px\" \/><\/figure>\r\n<\/figure>\r\n<\/div><\/div>\r\n\r\n\r\n\r\n<p style=\"font-style: normal; font-weight: bold;\">\u00a0<\/p>\r\n<p>&nbsp;<\/p>\r\n<p>\u00a0<img loading=\"lazy\" decoding=\"async\" class=\"alignnone size-medium wp-image-338\" src=\"https:\/\/www.hhpce.cz\/wp-content\/uploads\/2023\/02\/received_10201759983198304-300x225.jpeg\" alt=\"\" width=\"300\" height=\"225\" srcset=\"https:\/\/www.hhpce.cz\/wp-content\/uploads\/2023\/02\/received_10201759983198304-300x225.jpeg 300w, https:\/\/www.hhpce.cz\/wp-content\/uploads\/2023\/02\/received_10201759983198304-1024x768.jpeg 1024w, https:\/\/www.hhpce.cz\/wp-content\/uploads\/2023\/02\/received_10201759983198304-768x576.jpeg 768w, https:\/\/www.hhpce.cz\/wp-content\/uploads\/2023\/02\/received_10201759983198304-1536x1152.jpeg 1536w, https:\/\/www.hhpce.cz\/wp-content\/uploads\/2023\/02\/received_10201759983198304.jpeg 2048w\" sizes=\"auto, (max-width: 300px) 100vw, 300px\" \/>\u00a0 \u00a0 \u00a0 \u00a0 \u00a0 \u00a0 \u00a0 \u00a0 \u00a0 \u00a0 \u00a0 \u00a0 \u00a0 \u00a0 \u00a0 \u00a0 \u00a0 \u00a0<img loading=\"lazy\" decoding=\"async\" class=\"alignnone size-medium wp-image-340\" src=\"https:\/\/www.hhpce.cz\/wp-content\/uploads\/2023\/02\/received_10200403200599587-300x225.jpeg\" alt=\"\" width=\"300\" height=\"225\" srcset=\"https:\/\/www.hhpce.cz\/wp-content\/uploads\/2023\/02\/received_10200403200599587-300x225.jpeg 300w, https:\/\/www.hhpce.cz\/wp-content\/uploads\/2023\/02\/received_10200403200599587-768x576.jpeg 768w, https:\/\/www.hhpce.cz\/wp-content\/uploads\/2023\/02\/received_10200403200599587.jpeg 960w\" sizes=\"auto, (max-width: 300px) 100vw, 300px\" \/>\u00a0 \u00a0 \u00a0 \u00a0 \u00a0 \u00a0 \u00a0 \u00a0 \u00a0 \u00a0 \u00a0 \u00a0 \u00a0 \u00a0 \u00a0 \u00a0 \u00a0 \u00a0<img loading=\"lazy\" decoding=\"async\" class=\"alignnone size-medium wp-image-339\" src=\"https:\/\/www.hhpce.cz\/wp-content\/uploads\/2023\/02\/received_10201759983678316-300x225.jpeg\" alt=\"\" width=\"300\" height=\"225\" srcset=\"https:\/\/www.hhpce.cz\/wp-content\/uploads\/2023\/02\/received_10201759983678316-300x225.jpeg 300w, https:\/\/www.hhpce.cz\/wp-content\/uploads\/2023\/02\/received_10201759983678316-1024x768.jpeg 1024w, https:\/\/www.hhpce.cz\/wp-content\/uploads\/2023\/02\/received_10201759983678316-768x576.jpeg 768w, https:\/\/www.hhpce.cz\/wp-content\/uploads\/2023\/02\/received_10201759983678316-1536x1152.jpeg 1536w, https:\/\/www.hhpce.cz\/wp-content\/uploads\/2023\/02\/received_10201759983678316.jpeg 2048w\" sizes=\"auto, (max-width: 300px) 100vw, 300px\" \/><\/p>\r\n<p>&nbsp;<\/p>\r\n\r\n\r\n\r\n<div class=\"wp-block-columns is-layout-flex wp-container-core-columns-is-layout-9d6595d7 wp-block-columns-is-layout-flex\">\u00a0<\/div>\r\n\r\n\r\n\r\n<p>&nbsp;<\/p>\r\n\r\n\r\n\r\n<p>&nbsp;<\/p>\r\n","protected":false},"excerpt":{"rendered":"<p>Spolupr\u00e1ce D\u00edky spolupr\u00e1ci HHP s archeology bylo objeveno mnoho v\u00fdznamn\u00fdch n\u00e1lez\u016f, kter\u00e9 obohatily pozn\u00e1n\u00ed historie Pardubick\u00e9ho kraje. Mezi tyto n\u00e1lezy pat\u0159\u00ed nap\u0159\u00edklad mince, zbran\u011b, \u0161perky a r\u016fzn\u00e9 n\u00e1stroje, kter\u00e9 poskytuj\u00ed cenn\u00e9 informace o \u017eivot\u011b a kultu\u0159e lid\u00ed v minulosti. HHP se tak\u00e9 pod\u00edl\u00ed na r\u016fzn\u00fdch archeologick\u00fdch projektech a vykop\u00e1vk\u00e1ch. Nap\u0159\u00edklad spolupracuj\u00ed na pr\u016fzkumech star\u00fdch osad,&hellip; <br \/> <a class=\"read-more\" href=\"https:\/\/www.hhpce.cz\/?page_id=37\">V\u00edce<\/a><\/p>\n","protected":false},"author":1,"featured_media":0,"parent":0,"menu_order":0,"comment_status":"closed","ping_status":"closed","template":"","meta":{"footnotes":""},"class_list":["post-37","page","type-page","status-publish","hentry"],"yoast_head":"<!-- This site is optimized with the Yoast SEO plugin v26.1.1 - https:\/\/yoast.com\/wordpress\/plugins\/seo\/ -->\n<title>Na\u0161e c\u00edle -<\/title>\n<meta name=\"robots\" content=\"index, follow, max-snippet:-1, max-image-preview:large, max-video-preview:-1\" \/>\n<link rel=\"canonical\" href=\"https:\/\/www.hhpce.cz\/?page_id=37\" \/>\n<meta property=\"og:locale\" content=\"cs_CZ\" \/>\n<meta property=\"og:type\" content=\"article\" \/>\n<meta property=\"og:title\" content=\"Na\u0161e c\u00edle -\" \/>\n<meta property=\"og:description\" content=\"Spolupr\u00e1ce D\u00edky spolupr\u00e1ci HHP s archeology bylo objeveno mnoho v\u00fdznamn\u00fdch n\u00e1lez\u016f, kter\u00e9 obohatily pozn\u00e1n\u00ed historie Pardubick\u00e9ho kraje. Mezi tyto n\u00e1lezy pat\u0159\u00ed nap\u0159\u00edklad mince, zbran\u011b, \u0161perky a r\u016fzn\u00e9 n\u00e1stroje, kter\u00e9 poskytuj\u00ed cenn\u00e9 informace o \u017eivot\u011b a kultu\u0159e lid\u00ed v minulosti. HHP se tak\u00e9 pod\u00edl\u00ed na r\u016fzn\u00fdch archeologick\u00fdch projektech a vykop\u00e1vk\u00e1ch. Nap\u0159\u00edklad spolupracuj\u00ed na pr\u016fzkumech star\u00fdch osad,&hellip; V\u00edce\" \/>\n<meta property=\"og:url\" content=\"https:\/\/www.hhpce.cz\/?page_id=37\" \/>\n<meta property=\"article:publisher\" content=\"https:\/\/www.facebook.com\/HHPhledacihistoriePardubicko\" \/>\n<meta property=\"article:modified_time\" content=\"2024-06-02T15:53:38+00:00\" \/>\n<meta property=\"og:image\" content=\"https:\/\/www.hhpce.cz\/wp-content\/uploads\/2022\/09\/175930777_324055465727237_1182274540210742759_n-1024x485.jpg\" \/>\n<meta name=\"twitter:card\" content=\"summary_large_image\" \/>\n<meta name=\"twitter:label1\" content=\"Odhadovan\u00e1 doba \u010dten\u00ed\" \/>\n\t<meta name=\"twitter:data1\" content=\"2 minuty\" \/>\n<script type=\"application\/ld+json\" class=\"yoast-schema-graph\">{\"@context\":\"https:\/\/schema.org\",\"@graph\":[{\"@type\":\"WebPage\",\"@id\":\"https:\/\/www.hhpce.cz\/?page_id=37\",\"url\":\"https:\/\/www.hhpce.cz\/?page_id=37\",\"name\":\"Na\u0161e c\u00edle -\",\"isPartOf\":{\"@id\":\"https:\/\/www.hhpce.cz\/#website\"},\"primaryImageOfPage\":{\"@id\":\"https:\/\/www.hhpce.cz\/?page_id=37#primaryimage\"},\"image\":{\"@id\":\"https:\/\/www.hhpce.cz\/?page_id=37#primaryimage\"},\"thumbnailUrl\":\"https:\/\/www.hhpce.cz\/wp-content\/uploads\/2022\/09\/175930777_324055465727237_1182274540210742759_n-1024x485.jpg\",\"datePublished\":\"2022-08-28T20:00:55+00:00\",\"dateModified\":\"2024-06-02T15:53:38+00:00\",\"breadcrumb\":{\"@id\":\"https:\/\/www.hhpce.cz\/?page_id=37#breadcrumb\"},\"inLanguage\":\"cs\",\"potentialAction\":[{\"@type\":\"ReadAction\",\"target\":[\"https:\/\/www.hhpce.cz\/?page_id=37\"]}]},{\"@type\":\"ImageObject\",\"inLanguage\":\"cs\",\"@id\":\"https:\/\/www.hhpce.cz\/?page_id=37#primaryimage\",\"url\":\"https:\/\/www.hhpce.cz\/wp-content\/uploads\/2022\/09\/175930777_324055465727237_1182274540210742759_n.jpg\",\"contentUrl\":\"https:\/\/www.hhpce.cz\/wp-content\/uploads\/2022\/09\/175930777_324055465727237_1182274540210742759_n.jpg\",\"width\":1352,\"height\":640},{\"@type\":\"BreadcrumbList\",\"@id\":\"https:\/\/www.hhpce.cz\/?page_id=37#breadcrumb\",\"itemListElement\":[{\"@type\":\"ListItem\",\"position\":1,\"name\":\"Home\",\"item\":\"https:\/\/www.hhpce.cz\/\"},{\"@type\":\"ListItem\",\"position\":2,\"name\":\"Na\u0161e c\u00edle\"}]},{\"@type\":\"WebSite\",\"@id\":\"https:\/\/www.hhpce.cz\/#website\",\"url\":\"https:\/\/www.hhpce.cz\/\",\"name\":\"HHP HLEDA\u010cI HISTORIE PARDUBICKO Z.S.\",\"description\":\"\",\"publisher\":{\"@id\":\"https:\/\/www.hhpce.cz\/#organization\"},\"alternateName\":\"HHPCE.cz\",\"potentialAction\":[{\"@type\":\"SearchAction\",\"target\":{\"@type\":\"EntryPoint\",\"urlTemplate\":\"https:\/\/www.hhpce.cz\/?s={search_term_string}\"},\"query-input\":{\"@type\":\"PropertyValueSpecification\",\"valueRequired\":true,\"valueName\":\"search_term_string\"}}],\"inLanguage\":\"cs\"},{\"@type\":\"Organization\",\"@id\":\"https:\/\/www.hhpce.cz\/#organization\",\"name\":\"HHP HLEDA\u010cI HISTORIE PARDUBICKO Z.S.\",\"url\":\"https:\/\/www.hhpce.cz\/\",\"logo\":{\"@type\":\"ImageObject\",\"inLanguage\":\"cs\",\"@id\":\"https:\/\/www.hhpce.cz\/#\/schema\/logo\/image\/\",\"url\":\"https:\/\/www.hhpce.cz\/wp-content\/uploads\/2023\/11\/ssdd.png\",\"contentUrl\":\"https:\/\/www.hhpce.cz\/wp-content\/uploads\/2023\/11\/ssdd.png\",\"width\":600,\"height\":600,\"caption\":\"HHP HLEDA\u010cI HISTORIE PARDUBICKO Z.S.\"},\"image\":{\"@id\":\"https:\/\/www.hhpce.cz\/#\/schema\/logo\/image\/\"},\"sameAs\":[\"https:\/\/www.facebook.com\/HHPhledacihistoriePardubicko\"]}]}<\/script>\n<!-- \/ Yoast SEO plugin. -->","yoast_head_json":{"title":"Na\u0161e c\u00edle -","robots":{"index":"index","follow":"follow","max-snippet":"max-snippet:-1","max-image-preview":"max-image-preview:large","max-video-preview":"max-video-preview:-1"},"canonical":"https:\/\/www.hhpce.cz\/?page_id=37","og_locale":"cs_CZ","og_type":"article","og_title":"Na\u0161e c\u00edle -","og_description":"Spolupr\u00e1ce D\u00edky spolupr\u00e1ci HHP s archeology bylo objeveno mnoho v\u00fdznamn\u00fdch n\u00e1lez\u016f, kter\u00e9 obohatily pozn\u00e1n\u00ed historie Pardubick\u00e9ho kraje. Mezi tyto n\u00e1lezy pat\u0159\u00ed nap\u0159\u00edklad mince, zbran\u011b, \u0161perky a r\u016fzn\u00e9 n\u00e1stroje, kter\u00e9 poskytuj\u00ed cenn\u00e9 informace o \u017eivot\u011b a kultu\u0159e lid\u00ed v minulosti. HHP se tak\u00e9 pod\u00edl\u00ed na r\u016fzn\u00fdch archeologick\u00fdch projektech a vykop\u00e1vk\u00e1ch. Nap\u0159\u00edklad spolupracuj\u00ed na pr\u016fzkumech star\u00fdch osad,&hellip; V\u00edce","og_url":"https:\/\/www.hhpce.cz\/?page_id=37","article_publisher":"https:\/\/www.facebook.com\/HHPhledacihistoriePardubicko","article_modified_time":"2024-06-02T15:53:38+00:00","og_image":[{"url":"https:\/\/www.hhpce.cz\/wp-content\/uploads\/2022\/09\/175930777_324055465727237_1182274540210742759_n-1024x485.jpg","type":"","width":"","height":""}],"twitter_card":"summary_large_image","twitter_misc":{"Odhadovan\u00e1 doba \u010dten\u00ed":"2 minuty"},"schema":{"@context":"https:\/\/schema.org","@graph":[{"@type":"WebPage","@id":"https:\/\/www.hhpce.cz\/?page_id=37","url":"https:\/\/www.hhpce.cz\/?page_id=37","name":"Na\u0161e c\u00edle -","isPartOf":{"@id":"https:\/\/www.hhpce.cz\/#website"},"primaryImageOfPage":{"@id":"https:\/\/www.hhpce.cz\/?page_id=37#primaryimage"},"image":{"@id":"https:\/\/www.hhpce.cz\/?page_id=37#primaryimage"},"thumbnailUrl":"https:\/\/www.hhpce.cz\/wp-content\/uploads\/2022\/09\/175930777_324055465727237_1182274540210742759_n-1024x485.jpg","datePublished":"2022-08-28T20:00:55+00:00","dateModified":"2024-06-02T15:53:38+00:00","breadcrumb":{"@id":"https:\/\/www.hhpce.cz\/?page_id=37#breadcrumb"},"inLanguage":"cs","potentialAction":[{"@type":"ReadAction","target":["https:\/\/www.hhpce.cz\/?page_id=37"]}]},{"@type":"ImageObject","inLanguage":"cs","@id":"https:\/\/www.hhpce.cz\/?page_id=37#primaryimage","url":"https:\/\/www.hhpce.cz\/wp-content\/uploads\/2022\/09\/175930777_324055465727237_1182274540210742759_n.jpg","contentUrl":"https:\/\/www.hhpce.cz\/wp-content\/uploads\/2022\/09\/175930777_324055465727237_1182274540210742759_n.jpg","width":1352,"height":640},{"@type":"BreadcrumbList","@id":"https:\/\/www.hhpce.cz\/?page_id=37#breadcrumb","itemListElement":[{"@type":"ListItem","position":1,"name":"Home","item":"https:\/\/www.hhpce.cz\/"},{"@type":"ListItem","position":2,"name":"Na\u0161e c\u00edle"}]},{"@type":"WebSite","@id":"https:\/\/www.hhpce.cz\/#website","url":"https:\/\/www.hhpce.cz\/","name":"HHP HLEDA\u010cI HISTORIE PARDUBICKO Z.S.","description":"","publisher":{"@id":"https:\/\/www.hhpce.cz\/#organization"},"alternateName":"HHPCE.cz","potentialAction":[{"@type":"SearchAction","target":{"@type":"EntryPoint","urlTemplate":"https:\/\/www.hhpce.cz\/?s={search_term_string}"},"query-input":{"@type":"PropertyValueSpecification","valueRequired":true,"valueName":"search_term_string"}}],"inLanguage":"cs"},{"@type":"Organization","@id":"https:\/\/www.hhpce.cz\/#organization","name":"HHP HLEDA\u010cI HISTORIE PARDUBICKO Z.S.","url":"https:\/\/www.hhpce.cz\/","logo":{"@type":"ImageObject","inLanguage":"cs","@id":"https:\/\/www.hhpce.cz\/#\/schema\/logo\/image\/","url":"https:\/\/www.hhpce.cz\/wp-content\/uploads\/2023\/11\/ssdd.png","contentUrl":"https:\/\/www.hhpce.cz\/wp-content\/uploads\/2023\/11\/ssdd.png","width":600,"height":600,"caption":"HHP HLEDA\u010cI HISTORIE PARDUBICKO Z.S."},"image":{"@id":"https:\/\/www.hhpce.cz\/#\/schema\/logo\/image\/"},"sameAs":["https:\/\/www.facebook.com\/HHPhledacihistoriePardubicko"]}]}},"jetpack_sharing_enabled":true,"_links":{"self":[{"href":"https:\/\/www.hhpce.cz\/index.php?rest_route=\/wp\/v2\/pages\/37","targetHints":{"allow":["GET"]}}],"collection":[{"href":"https:\/\/www.hhpce.cz\/index.php?rest_route=\/wp\/v2\/pages"}],"about":[{"href":"https:\/\/www.hhpce.cz\/index.php?rest_route=\/wp\/v2\/types\/page"}],"author":[{"embeddable":true,"href":"https:\/\/www.hhpce.cz\/index.php?rest_route=\/wp\/v2\/users\/1"}],"replies":[{"embeddable":true,"href":"https:\/\/www.hhpce.cz\/index.php?rest_route=%2Fwp%2Fv2%2Fcomments&post=37"}],"version-history":[{"count":24,"href":"https:\/\/www.hhpce.cz\/index.php?rest_route=\/wp\/v2\/pages\/37\/revisions"}],"predecessor-version":[{"id":478,"href":"https:\/\/www.hhpce.cz\/index.php?rest_route=\/wp\/v2\/pages\/37\/revisions\/478"}],"wp:attachment":[{"href":"https:\/\/www.hhpce.cz\/index.php?rest_route=%2Fwp%2Fv2%2Fmedia&parent=37"}],"curies":[{"name":"wp","href":"https:\/\/api.w.org\/{rel}","templated":true}]}}