{"id":39,"date":"2022-08-28T22:01:15","date_gmt":"2022-08-28T20:01:15","guid":{"rendered":"https:\/\/www.hhpce.cz\/?page_id=39"},"modified":"2023-02-08T23:44:17","modified_gmt":"2023-02-08T22:44:17","slug":"ztratili-jste","status":"publish","type":"page","link":"https:\/\/www.hhpce.cz\/?page_id=39","title":{"rendered":"Ztratili jste&#8230;?"},"content":{"rendered":"\r\n<h2 class=\"has-text-align-center has-medium-font-size wp-block-heading\" style=\"font-style: italic; font-weight: 600; text-align: center;\">Ztratili jste prst\u00fdnek, p\u0159\u00edv\u011b\u0161ek, kl\u00ed\u010de nebo p\u0159\u00edpadn\u011b jinou kovovou v\u011bc? V\u00edte kde, ale nem\u016f\u017eete to naj\u00edt?<\/h2>\r\n<h2 class=\"has-text-align-center has-medium-font-size\" style=\"font-style: italic; font-weight: 600; text-align: center;\">Kontaktujte n\u00e1s&#8230;<\/h2>\r\n<p style=\"padding-left: 120px;\">\u00a0<br \/>\u00a0<br \/><img loading=\"lazy\" decoding=\"async\" class=\"size-medium wp-image-355 alignnone\" src=\"https:\/\/www.hhpce.cz\/wp-content\/uploads\/2023\/02\/Adornment-Golden-Ring-PNG-Image-300x225.png\" alt=\"\" width=\"300\" height=\"225\" srcset=\"https:\/\/www.hhpce.cz\/wp-content\/uploads\/2023\/02\/Adornment-Golden-Ring-PNG-Image-300x225.png 300w, https:\/\/www.hhpce.cz\/wp-content\/uploads\/2023\/02\/Adornment-Golden-Ring-PNG-Image-1024x768.png 1024w, https:\/\/www.hhpce.cz\/wp-content\/uploads\/2023\/02\/Adornment-Golden-Ring-PNG-Image-768x576.png 768w, https:\/\/www.hhpce.cz\/wp-content\/uploads\/2023\/02\/Adornment-Golden-Ring-PNG-Image-1536x1152.png 1536w, https:\/\/www.hhpce.cz\/wp-content\/uploads\/2023\/02\/Adornment-Golden-Ring-PNG-Image.png 1592w\" sizes=\"auto, (max-width: 300px) 100vw, 300px\" \/><img loading=\"lazy\" decoding=\"async\" class=\"size-medium wp-image-358 alignnone\" src=\"https:\/\/www.hhpce.cz\/wp-content\/uploads\/2023\/02\/locks-showcase-keys2-300x300.png\" alt=\"\" width=\"300\" height=\"300\" srcset=\"https:\/\/www.hhpce.cz\/wp-content\/uploads\/2023\/02\/locks-showcase-keys2-300x300.png 300w, https:\/\/www.hhpce.cz\/wp-content\/uploads\/2023\/02\/locks-showcase-keys2-150x150.png 150w, https:\/\/www.hhpce.cz\/wp-content\/uploads\/2023\/02\/locks-showcase-keys2.png 600w\" sizes=\"auto, (max-width: 300px) 100vw, 300px\" \/><img loading=\"lazy\" decoding=\"async\" class=\"size-medium wp-image-357 alignnone\" src=\"https:\/\/www.hhpce.cz\/wp-content\/uploads\/2023\/02\/020101_n_560x-300x300.webp\" alt=\"\" width=\"300\" height=\"300\" srcset=\"https:\/\/www.hhpce.cz\/wp-content\/uploads\/2023\/02\/020101_n_560x-300x300.webp 300w, https:\/\/www.hhpce.cz\/wp-content\/uploads\/2023\/02\/020101_n_560x-150x150.webp 150w, https:\/\/www.hhpce.cz\/wp-content\/uploads\/2023\/02\/020101_n_560x.webp 560w\" sizes=\"auto, (max-width: 300px) 100vw, 300px\" \/><\/p>\r\n<div class=\"wp-block-columns\">\r\n<div class=\"wp-block-column\">\u00a0<\/div>\r\n<\/div>\r\n","protected":false},"excerpt":{"rendered":"<p>Ztratili jste prst\u00fdnek, p\u0159\u00edv\u011b\u0161ek, kl\u00ed\u010de nebo p\u0159\u00edpadn\u011b jinou kovovou v\u011bc? V\u00edte kde, ale nem\u016f\u017eete to naj\u00edt? Kontaktujte n\u00e1s&#8230; \u00a0\u00a0 \u00a0<\/p>\n","protected":false},"author":1,"featured_media":0,"parent":0,"menu_order":0,"comment_status":"closed","ping_status":"closed","template":"","meta":{"footnotes":""},"class_list":["post-39","page","type-page","status-publish","hentry"],"yoast_head":"<!-- This site is optimized with the Yoast SEO plugin v26.1.1 - https:\/\/yoast.com\/wordpress\/plugins\/seo\/ -->\n<title>Ztratili jste...? -<\/title>\n<meta name=\"robots\" content=\"index, follow, max-snippet:-1, max-image-preview:large, max-video-preview:-1\" \/>\n<link rel=\"canonical\" href=\"https:\/\/www.hhpce.cz\/?page_id=39\" \/>\n<meta property=\"og:locale\" content=\"cs_CZ\" \/>\n<meta property=\"og:type\" content=\"article\" \/>\n<meta property=\"og:title\" content=\"Ztratili jste...? -\" \/>\n<meta property=\"og:description\" content=\"Ztratili jste prst\u00fdnek, p\u0159\u00edv\u011b\u0161ek, kl\u00ed\u010de nebo p\u0159\u00edpadn\u011b jinou kovovou v\u011bc? V\u00edte kde, ale nem\u016f\u017eete to naj\u00edt? Kontaktujte n\u00e1s&#8230; \u00a0\u00a0 \u00a0\" \/>\n<meta property=\"og:url\" content=\"https:\/\/www.hhpce.cz\/?page_id=39\" \/>\n<meta property=\"article:publisher\" content=\"https:\/\/www.facebook.com\/HHPhledacihistoriePardubicko\" \/>\n<meta property=\"article:modified_time\" content=\"2023-02-08T22:44:17+00:00\" \/>\n<meta property=\"og:image\" content=\"https:\/\/www.hhpce.cz\/wp-content\/uploads\/2023\/02\/Adornment-Golden-Ring-PNG-Image-300x225.png\" \/>\n<meta name=\"twitter:card\" content=\"summary_large_image\" \/>\n<script type=\"application\/ld+json\" class=\"yoast-schema-graph\">{\"@context\":\"https:\/\/schema.org\",\"@graph\":[{\"@type\":\"WebPage\",\"@id\":\"https:\/\/www.hhpce.cz\/?page_id=39\",\"url\":\"https:\/\/www.hhpce.cz\/?page_id=39\",\"name\":\"Ztratili jste...? -\",\"isPartOf\":{\"@id\":\"https:\/\/www.hhpce.cz\/#website\"},\"primaryImageOfPage\":{\"@id\":\"https:\/\/www.hhpce.cz\/?page_id=39#primaryimage\"},\"image\":{\"@id\":\"https:\/\/www.hhpce.cz\/?page_id=39#primaryimage\"},\"thumbnailUrl\":\"https:\/\/www.hhpce.cz\/wp-content\/uploads\/2023\/02\/Adornment-Golden-Ring-PNG-Image-300x225.png\",\"datePublished\":\"2022-08-28T20:01:15+00:00\",\"dateModified\":\"2023-02-08T22:44:17+00:00\",\"breadcrumb\":{\"@id\":\"https:\/\/www.hhpce.cz\/?page_id=39#breadcrumb\"},\"inLanguage\":\"cs\",\"potentialAction\":[{\"@type\":\"ReadAction\",\"target\":[\"https:\/\/www.hhpce.cz\/?page_id=39\"]}]},{\"@type\":\"ImageObject\",\"inLanguage\":\"cs\",\"@id\":\"https:\/\/www.hhpce.cz\/?page_id=39#primaryimage\",\"url\":\"https:\/\/www.hhpce.cz\/wp-content\/uploads\/2023\/02\/Adornment-Golden-Ring-PNG-Image.png\",\"contentUrl\":\"https:\/\/www.hhpce.cz\/wp-content\/uploads\/2023\/02\/Adornment-Golden-Ring-PNG-Image.png\",\"width\":1592,\"height\":1194},{\"@type\":\"BreadcrumbList\",\"@id\":\"https:\/\/www.hhpce.cz\/?page_id=39#breadcrumb\",\"itemListElement\":[{\"@type\":\"ListItem\",\"position\":1,\"name\":\"Home\",\"item\":\"https:\/\/www.hhpce.cz\/\"},{\"@type\":\"ListItem\",\"position\":2,\"name\":\"Ztratili jste&#8230;?\"}]},{\"@type\":\"WebSite\",\"@id\":\"https:\/\/www.hhpce.cz\/#website\",\"url\":\"https:\/\/www.hhpce.cz\/\",\"name\":\"HHP HLEDA\u010cI HISTORIE PARDUBICKO Z.S.\",\"description\":\"\",\"publisher\":{\"@id\":\"https:\/\/www.hhpce.cz\/#organization\"},\"alternateName\":\"HHPCE.cz\",\"potentialAction\":[{\"@type\":\"SearchAction\",\"target\":{\"@type\":\"EntryPoint\",\"urlTemplate\":\"https:\/\/www.hhpce.cz\/?s={search_term_string}\"},\"query-input\":{\"@type\":\"PropertyValueSpecification\",\"valueRequired\":true,\"valueName\":\"search_term_string\"}}],\"inLanguage\":\"cs\"},{\"@type\":\"Organization\",\"@id\":\"https:\/\/www.hhpce.cz\/#organization\",\"name\":\"HHP HLEDA\u010cI HISTORIE PARDUBICKO Z.S.\",\"url\":\"https:\/\/www.hhpce.cz\/\",\"logo\":{\"@type\":\"ImageObject\",\"inLanguage\":\"cs\",\"@id\":\"https:\/\/www.hhpce.cz\/#\/schema\/logo\/image\/\",\"url\":\"https:\/\/www.hhpce.cz\/wp-content\/uploads\/2023\/11\/ssdd.png\",\"contentUrl\":\"https:\/\/www.hhpce.cz\/wp-content\/uploads\/2023\/11\/ssdd.png\",\"width\":600,\"height\":600,\"caption\":\"HHP HLEDA\u010cI HISTORIE PARDUBICKO Z.S.\"},\"image\":{\"@id\":\"https:\/\/www.hhpce.cz\/#\/schema\/logo\/image\/\"},\"sameAs\":[\"https:\/\/www.facebook.com\/HHPhledacihistoriePardubicko\"]}]}<\/script>\n<!-- \/ Yoast SEO plugin. -->","yoast_head_json":{"title":"Ztratili jste...? -","robots":{"index":"index","follow":"follow","max-snippet":"max-snippet:-1","max-image-preview":"max-image-preview:large","max-video-preview":"max-video-preview:-1"},"canonical":"https:\/\/www.hhpce.cz\/?page_id=39","og_locale":"cs_CZ","og_type":"article","og_title":"Ztratili jste...? -","og_description":"Ztratili jste prst\u00fdnek, p\u0159\u00edv\u011b\u0161ek, kl\u00ed\u010de nebo p\u0159\u00edpadn\u011b jinou kovovou v\u011bc? V\u00edte kde, ale nem\u016f\u017eete to naj\u00edt? Kontaktujte n\u00e1s&#8230; \u00a0\u00a0 \u00a0","og_url":"https:\/\/www.hhpce.cz\/?page_id=39","article_publisher":"https:\/\/www.facebook.com\/HHPhledacihistoriePardubicko","article_modified_time":"2023-02-08T22:44:17+00:00","og_image":[{"url":"https:\/\/www.hhpce.cz\/wp-content\/uploads\/2023\/02\/Adornment-Golden-Ring-PNG-Image-300x225.png","type":"","width":"","height":""}],"twitter_card":"summary_large_image","schema":{"@context":"https:\/\/schema.org","@graph":[{"@type":"WebPage","@id":"https:\/\/www.hhpce.cz\/?page_id=39","url":"https:\/\/www.hhpce.cz\/?page_id=39","name":"Ztratili jste...? -","isPartOf":{"@id":"https:\/\/www.hhpce.cz\/#website"},"primaryImageOfPage":{"@id":"https:\/\/www.hhpce.cz\/?page_id=39#primaryimage"},"image":{"@id":"https:\/\/www.hhpce.cz\/?page_id=39#primaryimage"},"thumbnailUrl":"https:\/\/www.hhpce.cz\/wp-content\/uploads\/2023\/02\/Adornment-Golden-Ring-PNG-Image-300x225.png","datePublished":"2022-08-28T20:01:15+00:00","dateModified":"2023-02-08T22:44:17+00:00","breadcrumb":{"@id":"https:\/\/www.hhpce.cz\/?page_id=39#breadcrumb"},"inLanguage":"cs","potentialAction":[{"@type":"ReadAction","target":["https:\/\/www.hhpce.cz\/?page_id=39"]}]},{"@type":"ImageObject","inLanguage":"cs","@id":"https:\/\/www.hhpce.cz\/?page_id=39#primaryimage","url":"https:\/\/www.hhpce.cz\/wp-content\/uploads\/2023\/02\/Adornment-Golden-Ring-PNG-Image.png","contentUrl":"https:\/\/www.hhpce.cz\/wp-content\/uploads\/2023\/02\/Adornment-Golden-Ring-PNG-Image.png","width":1592,"height":1194},{"@type":"BreadcrumbList","@id":"https:\/\/www.hhpce.cz\/?page_id=39#breadcrumb","itemListElement":[{"@type":"ListItem","position":1,"name":"Home","item":"https:\/\/www.hhpce.cz\/"},{"@type":"ListItem","position":2,"name":"Ztratili jste&#8230;?"}]},{"@type":"WebSite","@id":"https:\/\/www.hhpce.cz\/#website","url":"https:\/\/www.hhpce.cz\/","name":"HHP HLEDA\u010cI HISTORIE PARDUBICKO Z.S.","description":"","publisher":{"@id":"https:\/\/www.hhpce.cz\/#organization"},"alternateName":"HHPCE.cz","potentialAction":[{"@type":"SearchAction","target":{"@type":"EntryPoint","urlTemplate":"https:\/\/www.hhpce.cz\/?s={search_term_string}"},"query-input":{"@type":"PropertyValueSpecification","valueRequired":true,"valueName":"search_term_string"}}],"inLanguage":"cs"},{"@type":"Organization","@id":"https:\/\/www.hhpce.cz\/#organization","name":"HHP HLEDA\u010cI HISTORIE PARDUBICKO Z.S.","url":"https:\/\/www.hhpce.cz\/","logo":{"@type":"ImageObject","inLanguage":"cs","@id":"https:\/\/www.hhpce.cz\/#\/schema\/logo\/image\/","url":"https:\/\/www.hhpce.cz\/wp-content\/uploads\/2023\/11\/ssdd.png","contentUrl":"https:\/\/www.hhpce.cz\/wp-content\/uploads\/2023\/11\/ssdd.png","width":600,"height":600,"caption":"HHP HLEDA\u010cI HISTORIE PARDUBICKO Z.S."},"image":{"@id":"https:\/\/www.hhpce.cz\/#\/schema\/logo\/image\/"},"sameAs":["https:\/\/www.facebook.com\/HHPhledacihistoriePardubicko"]}]}},"jetpack_sharing_enabled":true,"_links":{"self":[{"href":"https:\/\/www.hhpce.cz\/index.php?rest_route=\/wp\/v2\/pages\/39","targetHints":{"allow":["GET"]}}],"collection":[{"href":"https:\/\/www.hhpce.cz\/index.php?rest_route=\/wp\/v2\/pages"}],"about":[{"href":"https:\/\/www.hhpce.cz\/index.php?rest_route=\/wp\/v2\/types\/page"}],"author":[{"embeddable":true,"href":"https:\/\/www.hhpce.cz\/index.php?rest_route=\/wp\/v2\/users\/1"}],"replies":[{"embeddable":true,"href":"https:\/\/www.hhpce.cz\/index.php?rest_route=%2Fwp%2Fv2%2Fcomments&post=39"}],"version-history":[{"count":41,"href":"https:\/\/www.hhpce.cz\/index.php?rest_route=\/wp\/v2\/pages\/39\/revisions"}],"predecessor-version":[{"id":418,"href":"https:\/\/www.hhpce.cz\/index.php?rest_route=\/wp\/v2\/pages\/39\/revisions\/418"}],"wp:attachment":[{"href":"https:\/\/www.hhpce.cz\/index.php?rest_route=%2Fwp%2Fv2%2Fmedia&parent=39"}],"curies":[{"name":"wp","href":"https:\/\/api.w.org\/{rel}","templated":true}]}}