{"id":41,"date":"2022-08-28T22:01:38","date_gmt":"2022-08-28T20:01:38","guid":{"rendered":"https:\/\/www.hhpce.cz\/?page_id=41"},"modified":"2024-09-30T18:31:04","modified_gmt":"2024-09-30T16:31:04","slug":"clenove-hhp","status":"publish","type":"page","link":"https:\/\/www.hhpce.cz\/?page_id=41","title":{"rendered":"\u010clenov\u00e9 a partne\u0159i"},"content":{"rendered":"\r\n<h2 class=\"has-text-align-center\" style=\"font-style: italic; font-weight: bold; text-align: center;\">\u010clenov\u00e9 HHP<\/h2>\r\n<p class=\"has-text-align-center\" style=\"font-style: italic; font-weight: bold; text-align: center;\"><span style=\"color: #000000;\">P\u0159edseda spolku &#8211; Anton\u00edn \u0160imon<\/span><\/p>\r\n<p style=\"text-align: center;\"><span style=\"color: #000000;\">\r\n\r\n<\/span><\/p>\r\n<p class=\"has-text-align-center\" style=\"font-style: italic; font-weight: bold; text-align: center;\"><span style=\"color: #000000;\">M\u00edstop\u0159edseda spolku &#8211; Roman Ded\u00edk<\/span><\/p>\r\n<p style=\"text-align: center;\"><span style=\"color: #000000;\">\r\n\r\n<\/span><\/p>\r\n<p class=\"has-text-align-center\" style=\"font-style: italic; font-weight: bold; text-align: center;\"><span style=\"color: #000000;\">Pokladn\u00edk spolku &#8211; Petr Ded\u00edk<\/span><\/p>\r\n<p style=\"text-align: center;\"><span style=\"color: #000000;\">\r\n\r\n<\/span><\/p>\r\n<p class=\"has-text-align-center\" style=\"font-style: italic; font-weight: bold; text-align: center;\"><span style=\"color: #000000;\">Mluv\u010d\u00ed spolku &#8211; Martin Veverka<\/span><\/p>\r\n<p style=\"text-align: center;\"><span style=\"color: #000000;\">\r\n\r\n<\/span><\/p>\r\n<p class=\"has-text-align-center\" style=\"font-style: italic; font-weight: bold; text-align: center;\"><span style=\"color: #000000;\">Jan Ko\u010d\u00ed<\/span><\/p>\r\n<p style=\"text-align: center;\"><span style=\"color: #000000;\">\r\n\r\n<\/span><\/p>\r\n<p class=\"has-text-align-center\" style=\"font-style: italic; font-weight: bold; text-align: center;\"><span style=\"color: #000000;\">Pavla Borovcov\u00e1<\/span><\/p>\r\n<p style=\"text-align: center;\"><span style=\"color: #000000;\">\r\n\r\n<\/span><\/p>\r\n<p class=\"has-text-align-center\" style=\"font-style: italic; font-weight: bold; text-align: center;\"><span style=\"color: #000000;\">Luk\u00e1\u0161 Chaloupka\u00a0\u00a0<\/span><\/p>\r\n<p style=\"text-align: center;\"><span style=\"color: #000000;\">\r\n\r\n<\/span><\/p>\r\n<p class=\"has-text-align-center\" style=\"font-style: italic; font-weight: bold; text-align: center;\"><span style=\"color: #000000;\">Lucie Chaloupkov\u00e1\u00a0<\/span><\/p>\r\n<p style=\"text-align: center;\"><span style=\"color: #000000;\">\r\n\r\n<\/span><\/p>\r\n<p class=\"has-text-align-center\" style=\"font-style: italic; font-weight: bold; text-align: center;\"><span style=\"color: #000000;\">Monika Zemanov\u00e1<\/span><\/p>\r\n<p style=\"text-align: center;\"><span style=\"color: #000000;\">\r\n\r\n<\/span><\/p>\r\n<p class=\"has-text-align-center\" style=\"font-style: italic; font-weight: bold; text-align: center;\"><span style=\"color: #000000;\">Emil Musil<\/span><\/p>\r\n<p style=\"text-align: center;\"><span style=\"color: #000000;\">\r\n\r\n<\/span><\/p>\r\n<p class=\"has-text-align-center\" style=\"font-style: italic; font-weight: bold; text-align: center;\"><span style=\"color: #000000;\">Petr Smetana<\/span><\/p>\r\n<p style=\"text-align: center;\"><span style=\"color: #000000;\">\r\n\r\n<\/span><\/p>\r\n<p class=\"has-text-align-center\" style=\"font-style: italic; font-weight: bold; text-align: center;\"><span style=\"color: #000000;\">Alena Mare\u010dkov\u00e1 &#8211; Smetanov\u00e1<\/span><\/p>\r\n<p style=\"text-align: center;\"><span style=\"color: #000000;\">\r\n\r\n<\/span><\/p>\r\n<p class=\"has-text-align-center\" style=\"font-style: italic; font-weight: bold; text-align: center;\"><span style=\"color: #000000;\">Pavel Pecina\u00a0<\/span><\/p>\r\n<p style=\"text-align: center;\"><span style=\"color: #000000;\">\r\n\r\n<\/span><\/p>\r\n<p class=\"has-text-align-center\" style=\"font-style: italic; font-weight: bold; text-align: center;\"><span style=\"color: #000000;\">Milan Kom\u00e1rek<\/span><\/p>\r\n<p style=\"text-align: center;\"><span style=\"color: #000000;\">\r\n\r\n<\/span><\/p>\r\n<p class=\"has-text-align-center\" style=\"font-style: italic; font-weight: bold; text-align: center;\"><span style=\"color: #000000;\">Pavel Ka\u0148uka<\/span><\/p>\r\n<p style=\"text-align: center;\"><span style=\"color: #000000;\">\r\n\r\n<\/span><\/p>\r\n<p class=\"has-text-align-center\" style=\"font-style: italic; font-weight: bold; text-align: center;\"><span style=\"color: #000000;\">\u200b\u200b\u200b\u200b\u200b\u200b\u200bVladim\u00edr Vr\u00e1til<\/span><\/p>\r\n<p style=\"text-align: center;\"><span style=\"color: #000000;\"><b><i>Hana V\u00e1gnerov\u00e1 <\/i><\/b><\/span><\/p>\r\n<p style=\"text-align: center;\"><span style=\"color: #000000;\"><b><i>Roman V\u00e1gner<\/i><\/b><\/span><\/p>\r\n<p>&nbsp;<\/p>\r\n<h2 class=\"has-text-align-center\" style=\"font-style: italic; font-weight: bold;\">Na\u0161i partne\u0159i<\/h2>\r\n<p class=\"has-text-align-center\" style=\"font-style: italic; font-weight: bold;\">V\u00fdchodo\u010desk\u00e9 muzeum v Pardubic\u00edch<\/p>\r\n<p class=\"has-text-align-center\" style=\"font-style: italic; font-weight: bold;\">Region\u00e1ln\u00ed muzeum Vysok\u00e9 M\u00fdto<\/p>\r\n<p class=\"has-text-align-center\" style=\"font-style: italic; font-weight: bold;\">Archeo Moravia z.s.<\/p>\r\n<p class=\"has-text-align-center\" style=\"font-style: italic; font-weight: bold;\">Retrom\u011bste\u010dko<\/p>\r\n<p class=\"LC20lb MBeuO DKV0Md\">\u00a0<\/p>\r\n<p>&nbsp;<\/p>\r\n<p>&nbsp;<\/p>\r\n<p>&nbsp;<\/p>\r\n","protected":false},"excerpt":{"rendered":"<p>\u010clenov\u00e9 HHP P\u0159edseda spolku &#8211; Anton\u00edn \u0160imon M\u00edstop\u0159edseda spolku &#8211; Roman Ded\u00edk Pokladn\u00edk spolku &#8211; Petr Ded\u00edk Mluv\u010d\u00ed spolku &#8211; Martin Veverka Jan Ko\u010d\u00ed Pavla Borovcov\u00e1 Luk\u00e1\u0161 Chaloupka\u00a0\u00a0 Lucie Chaloupkov\u00e1\u00a0 Monika Zemanov\u00e1 Emil Musil Petr Smetana Alena Mare\u010dkov\u00e1 &#8211; Smetanov\u00e1 Pavel Pecina\u00a0 Milan Kom\u00e1rek Pavel Ka\u0148uka \u200b\u200b\u200b\u200b\u200b\u200b\u200bVladim\u00edr Vr\u00e1til Hana V\u00e1gnerov\u00e1 Roman V\u00e1gner &nbsp; Na\u0161i partne\u0159i&hellip; <br \/> <a class=\"read-more\" href=\"https:\/\/www.hhpce.cz\/?page_id=41\">V\u00edce<\/a><\/p>\n","protected":false},"author":1,"featured_media":0,"parent":0,"menu_order":0,"comment_status":"closed","ping_status":"closed","template":"","meta":{"footnotes":""},"class_list":["post-41","page","type-page","status-publish","hentry"],"yoast_head":"<!-- This site is optimized with the Yoast SEO plugin v26.1.1 - https:\/\/yoast.com\/wordpress\/plugins\/seo\/ -->\n<title>\u010clenov\u00e9 a partne\u0159i -<\/title>\n<meta name=\"robots\" content=\"index, follow, max-snippet:-1, max-image-preview:large, max-video-preview:-1\" \/>\n<link rel=\"canonical\" href=\"https:\/\/www.hhpce.cz\/?page_id=41\" \/>\n<meta property=\"og:locale\" content=\"cs_CZ\" \/>\n<meta property=\"og:type\" content=\"article\" \/>\n<meta property=\"og:title\" content=\"\u010clenov\u00e9 a partne\u0159i -\" \/>\n<meta property=\"og:description\" content=\"\u010clenov\u00e9 HHP P\u0159edseda spolku &#8211; Anton\u00edn \u0160imon M\u00edstop\u0159edseda spolku &#8211; Roman Ded\u00edk Pokladn\u00edk spolku &#8211; Petr Ded\u00edk Mluv\u010d\u00ed spolku &#8211; Martin Veverka Jan Ko\u010d\u00ed Pavla Borovcov\u00e1 Luk\u00e1\u0161 Chaloupka\u00a0\u00a0 Lucie Chaloupkov\u00e1\u00a0 Monika Zemanov\u00e1 Emil Musil Petr Smetana Alena Mare\u010dkov\u00e1 &#8211; Smetanov\u00e1 Pavel Pecina\u00a0 Milan Kom\u00e1rek Pavel Ka\u0148uka \u200b\u200b\u200b\u200b\u200b\u200b\u200bVladim\u00edr Vr\u00e1til Hana V\u00e1gnerov\u00e1 Roman V\u00e1gner &nbsp; Na\u0161i partne\u0159i&hellip; V\u00edce\" \/>\n<meta property=\"og:url\" content=\"https:\/\/www.hhpce.cz\/?page_id=41\" \/>\n<meta property=\"article:publisher\" content=\"https:\/\/www.facebook.com\/HHPhledacihistoriePardubicko\" \/>\n<meta property=\"article:modified_time\" content=\"2024-09-30T16:31:04+00:00\" \/>\n<meta name=\"twitter:card\" content=\"summary_large_image\" \/>\n<meta name=\"twitter:label1\" content=\"Odhadovan\u00e1 doba \u010dten\u00ed\" \/>\n\t<meta name=\"twitter:data1\" content=\"1 minuta\" \/>\n<script type=\"application\/ld+json\" class=\"yoast-schema-graph\">{\"@context\":\"https:\/\/schema.org\",\"@graph\":[{\"@type\":\"WebPage\",\"@id\":\"https:\/\/www.hhpce.cz\/?page_id=41\",\"url\":\"https:\/\/www.hhpce.cz\/?page_id=41\",\"name\":\"\u010clenov\u00e9 a partne\u0159i -\",\"isPartOf\":{\"@id\":\"https:\/\/www.hhpce.cz\/#website\"},\"datePublished\":\"2022-08-28T20:01:38+00:00\",\"dateModified\":\"2024-09-30T16:31:04+00:00\",\"breadcrumb\":{\"@id\":\"https:\/\/www.hhpce.cz\/?page_id=41#breadcrumb\"},\"inLanguage\":\"cs\",\"potentialAction\":[{\"@type\":\"ReadAction\",\"target\":[\"https:\/\/www.hhpce.cz\/?page_id=41\"]}]},{\"@type\":\"BreadcrumbList\",\"@id\":\"https:\/\/www.hhpce.cz\/?page_id=41#breadcrumb\",\"itemListElement\":[{\"@type\":\"ListItem\",\"position\":1,\"name\":\"Home\",\"item\":\"https:\/\/www.hhpce.cz\/\"},{\"@type\":\"ListItem\",\"position\":2,\"name\":\"\u010clenov\u00e9 a partne\u0159i\"}]},{\"@type\":\"WebSite\",\"@id\":\"https:\/\/www.hhpce.cz\/#website\",\"url\":\"https:\/\/www.hhpce.cz\/\",\"name\":\"HHP HLEDA\u010cI HISTORIE PARDUBICKO Z.S.\",\"description\":\"\",\"publisher\":{\"@id\":\"https:\/\/www.hhpce.cz\/#organization\"},\"alternateName\":\"HHPCE.cz\",\"potentialAction\":[{\"@type\":\"SearchAction\",\"target\":{\"@type\":\"EntryPoint\",\"urlTemplate\":\"https:\/\/www.hhpce.cz\/?s={search_term_string}\"},\"query-input\":{\"@type\":\"PropertyValueSpecification\",\"valueRequired\":true,\"valueName\":\"search_term_string\"}}],\"inLanguage\":\"cs\"},{\"@type\":\"Organization\",\"@id\":\"https:\/\/www.hhpce.cz\/#organization\",\"name\":\"HHP HLEDA\u010cI HISTORIE PARDUBICKO Z.S.\",\"url\":\"https:\/\/www.hhpce.cz\/\",\"logo\":{\"@type\":\"ImageObject\",\"inLanguage\":\"cs\",\"@id\":\"https:\/\/www.hhpce.cz\/#\/schema\/logo\/image\/\",\"url\":\"https:\/\/www.hhpce.cz\/wp-content\/uploads\/2023\/11\/ssdd.png\",\"contentUrl\":\"https:\/\/www.hhpce.cz\/wp-content\/uploads\/2023\/11\/ssdd.png\",\"width\":600,\"height\":600,\"caption\":\"HHP HLEDA\u010cI HISTORIE PARDUBICKO Z.S.\"},\"image\":{\"@id\":\"https:\/\/www.hhpce.cz\/#\/schema\/logo\/image\/\"},\"sameAs\":[\"https:\/\/www.facebook.com\/HHPhledacihistoriePardubicko\"]}]}<\/script>\n<!-- \/ Yoast SEO plugin. -->","yoast_head_json":{"title":"\u010clenov\u00e9 a partne\u0159i -","robots":{"index":"index","follow":"follow","max-snippet":"max-snippet:-1","max-image-preview":"max-image-preview:large","max-video-preview":"max-video-preview:-1"},"canonical":"https:\/\/www.hhpce.cz\/?page_id=41","og_locale":"cs_CZ","og_type":"article","og_title":"\u010clenov\u00e9 a partne\u0159i -","og_description":"\u010clenov\u00e9 HHP P\u0159edseda spolku &#8211; Anton\u00edn \u0160imon M\u00edstop\u0159edseda spolku &#8211; Roman Ded\u00edk Pokladn\u00edk spolku &#8211; Petr Ded\u00edk Mluv\u010d\u00ed spolku &#8211; Martin Veverka Jan Ko\u010d\u00ed Pavla Borovcov\u00e1 Luk\u00e1\u0161 Chaloupka\u00a0\u00a0 Lucie Chaloupkov\u00e1\u00a0 Monika Zemanov\u00e1 Emil Musil Petr Smetana Alena Mare\u010dkov\u00e1 &#8211; Smetanov\u00e1 Pavel Pecina\u00a0 Milan Kom\u00e1rek Pavel Ka\u0148uka \u200b\u200b\u200b\u200b\u200b\u200b\u200bVladim\u00edr Vr\u00e1til Hana V\u00e1gnerov\u00e1 Roman V\u00e1gner &nbsp; Na\u0161i partne\u0159i&hellip; V\u00edce","og_url":"https:\/\/www.hhpce.cz\/?page_id=41","article_publisher":"https:\/\/www.facebook.com\/HHPhledacihistoriePardubicko","article_modified_time":"2024-09-30T16:31:04+00:00","twitter_card":"summary_large_image","twitter_misc":{"Odhadovan\u00e1 doba \u010dten\u00ed":"1 minuta"},"schema":{"@context":"https:\/\/schema.org","@graph":[{"@type":"WebPage","@id":"https:\/\/www.hhpce.cz\/?page_id=41","url":"https:\/\/www.hhpce.cz\/?page_id=41","name":"\u010clenov\u00e9 a partne\u0159i -","isPartOf":{"@id":"https:\/\/www.hhpce.cz\/#website"},"datePublished":"2022-08-28T20:01:38+00:00","dateModified":"2024-09-30T16:31:04+00:00","breadcrumb":{"@id":"https:\/\/www.hhpce.cz\/?page_id=41#breadcrumb"},"inLanguage":"cs","potentialAction":[{"@type":"ReadAction","target":["https:\/\/www.hhpce.cz\/?page_id=41"]}]},{"@type":"BreadcrumbList","@id":"https:\/\/www.hhpce.cz\/?page_id=41#breadcrumb","itemListElement":[{"@type":"ListItem","position":1,"name":"Home","item":"https:\/\/www.hhpce.cz\/"},{"@type":"ListItem","position":2,"name":"\u010clenov\u00e9 a partne\u0159i"}]},{"@type":"WebSite","@id":"https:\/\/www.hhpce.cz\/#website","url":"https:\/\/www.hhpce.cz\/","name":"HHP HLEDA\u010cI HISTORIE PARDUBICKO Z.S.","description":"","publisher":{"@id":"https:\/\/www.hhpce.cz\/#organization"},"alternateName":"HHPCE.cz","potentialAction":[{"@type":"SearchAction","target":{"@type":"EntryPoint","urlTemplate":"https:\/\/www.hhpce.cz\/?s={search_term_string}"},"query-input":{"@type":"PropertyValueSpecification","valueRequired":true,"valueName":"search_term_string"}}],"inLanguage":"cs"},{"@type":"Organization","@id":"https:\/\/www.hhpce.cz\/#organization","name":"HHP HLEDA\u010cI HISTORIE PARDUBICKO Z.S.","url":"https:\/\/www.hhpce.cz\/","logo":{"@type":"ImageObject","inLanguage":"cs","@id":"https:\/\/www.hhpce.cz\/#\/schema\/logo\/image\/","url":"https:\/\/www.hhpce.cz\/wp-content\/uploads\/2023\/11\/ssdd.png","contentUrl":"https:\/\/www.hhpce.cz\/wp-content\/uploads\/2023\/11\/ssdd.png","width":600,"height":600,"caption":"HHP HLEDA\u010cI HISTORIE PARDUBICKO Z.S."},"image":{"@id":"https:\/\/www.hhpce.cz\/#\/schema\/logo\/image\/"},"sameAs":["https:\/\/www.facebook.com\/HHPhledacihistoriePardubicko"]}]}},"jetpack_sharing_enabled":true,"_links":{"self":[{"href":"https:\/\/www.hhpce.cz\/index.php?rest_route=\/wp\/v2\/pages\/41","targetHints":{"allow":["GET"]}}],"collection":[{"href":"https:\/\/www.hhpce.cz\/index.php?rest_route=\/wp\/v2\/pages"}],"about":[{"href":"https:\/\/www.hhpce.cz\/index.php?rest_route=\/wp\/v2\/types\/page"}],"author":[{"embeddable":true,"href":"https:\/\/www.hhpce.cz\/index.php?rest_route=\/wp\/v2\/users\/1"}],"replies":[{"embeddable":true,"href":"https:\/\/www.hhpce.cz\/index.php?rest_route=%2Fwp%2Fv2%2Fcomments&post=41"}],"version-history":[{"count":20,"href":"https:\/\/www.hhpce.cz\/index.php?rest_route=\/wp\/v2\/pages\/41\/revisions"}],"predecessor-version":[{"id":318,"href":"https:\/\/www.hhpce.cz\/index.php?rest_route=\/wp\/v2\/pages\/41\/revisions\/318"}],"wp:attachment":[{"href":"https:\/\/www.hhpce.cz\/index.php?rest_route=%2Fwp%2Fv2%2Fmedia&parent=41"}],"curies":[{"name":"wp","href":"https:\/\/api.w.org\/{rel}","templated":true}]}}