{"id":43,"date":"2022-08-28T22:02:43","date_gmt":"2022-08-28T20:02:43","guid":{"rendered":"https:\/\/www.hhpce.cz\/?page_id=43"},"modified":"2025-02-12T19:05:24","modified_gmt":"2025-02-12T18:05:24","slug":"kontakt","status":"publish","type":"page","link":"https:\/\/www.hhpce.cz\/?page_id=43","title":{"rendered":"Kontakt"},"content":{"rendered":"\r\n<p class=\"has-text-align-left\" style=\"font-style: normal; font-weight: 600;\"><strong><span style=\"color: #000000;\">Anton\u00edn \u0160imon &#8211; p\u0159edseda spolku<\/span><\/strong><\/p>\r\n<p><strong><span style=\"color: #000000;\">\r\n\r\n<\/span><\/strong><\/p>\r\n<p class=\"has-text-align-left\" style=\"font-style: normal; font-weight: 600;\"><strong><span style=\"color: #000000;\">email &#8211; HHPTony@seznam.cz<\/span><\/strong><\/p>\r\n<p><strong><span style=\"color: #000000;\">\r\n\r\n<\/span><\/strong><\/p>\r\n<p class=\"has-text-align-left\" style=\"font-style: normal; font-weight: 600;\"><strong><span style=\"color: #000000;\">tel. 733 102 185<\/span><\/strong><\/p>\r\n<p>&nbsp;<\/p>\r\n<hr \/>\r\n<p><strong><span style=\"color: #000000;\">\r\n\r\n\r\n\r\n<\/span><\/strong><\/p>\r\n<p>&nbsp;<\/p>\r\n<p><strong><span style=\"color: #000000;\">Roman Ded\u00edk &#8211; m\u00edstop\u0159edseda spolku<\/span><\/strong><\/p>\r\n<p><strong><span style=\"color: #000000;\">email &#8211; HHPRoman@seznam.cz<\/span><\/strong><\/p>\r\n<p><strong><span style=\"color: #000000;\">tel. 607 855 645<\/span><\/strong><\/p>\r\n","protected":false},"excerpt":{"rendered":"<p>Anton\u00edn \u0160imon &#8211; p\u0159edseda spolku email &#8211; HHPTony@seznam.cz tel. 733 102 185 &nbsp; &nbsp; Roman Ded\u00edk &#8211; m\u00edstop\u0159edseda spolku email &#8211; HHPRoman@seznam.cz tel. 607 855 645<\/p>\n","protected":false},"author":1,"featured_media":0,"parent":0,"menu_order":0,"comment_status":"closed","ping_status":"closed","template":"","meta":{"footnotes":""},"class_list":["post-43","page","type-page","status-publish","hentry"],"yoast_head":"<!-- This site is optimized with the Yoast SEO plugin v26.1.1 - https:\/\/yoast.com\/wordpress\/plugins\/seo\/ -->\n<title>Kontakt -<\/title>\n<meta name=\"robots\" content=\"index, follow, max-snippet:-1, max-image-preview:large, max-video-preview:-1\" \/>\n<link rel=\"canonical\" href=\"https:\/\/www.hhpce.cz\/?page_id=43\" \/>\n<meta property=\"og:locale\" content=\"cs_CZ\" \/>\n<meta property=\"og:type\" content=\"article\" \/>\n<meta property=\"og:title\" content=\"Kontakt -\" \/>\n<meta property=\"og:description\" content=\"Anton\u00edn \u0160imon &#8211; p\u0159edseda spolku email &#8211; HHPTony@seznam.cz tel. 733 102 185 &nbsp; &nbsp; Roman Ded\u00edk &#8211; m\u00edstop\u0159edseda spolku email &#8211; HHPRoman@seznam.cz tel. 607 855 645\" \/>\n<meta property=\"og:url\" content=\"https:\/\/www.hhpce.cz\/?page_id=43\" \/>\n<meta property=\"article:publisher\" content=\"https:\/\/www.facebook.com\/HHPhledacihistoriePardubicko\" \/>\n<meta property=\"article:modified_time\" content=\"2025-02-12T18:05:24+00:00\" \/>\n<meta name=\"twitter:card\" content=\"summary_large_image\" \/>\n<meta name=\"twitter:label1\" content=\"Odhadovan\u00e1 doba \u010dten\u00ed\" \/>\n\t<meta name=\"twitter:data1\" content=\"1 minuta\" \/>\n<script type=\"application\/ld+json\" class=\"yoast-schema-graph\">{\"@context\":\"https:\/\/schema.org\",\"@graph\":[{\"@type\":\"WebPage\",\"@id\":\"https:\/\/www.hhpce.cz\/?page_id=43\",\"url\":\"https:\/\/www.hhpce.cz\/?page_id=43\",\"name\":\"Kontakt -\",\"isPartOf\":{\"@id\":\"https:\/\/www.hhpce.cz\/#website\"},\"datePublished\":\"2022-08-28T20:02:43+00:00\",\"dateModified\":\"2025-02-12T18:05:24+00:00\",\"breadcrumb\":{\"@id\":\"https:\/\/www.hhpce.cz\/?page_id=43#breadcrumb\"},\"inLanguage\":\"cs\",\"potentialAction\":[{\"@type\":\"ReadAction\",\"target\":[\"https:\/\/www.hhpce.cz\/?page_id=43\"]}]},{\"@type\":\"BreadcrumbList\",\"@id\":\"https:\/\/www.hhpce.cz\/?page_id=43#breadcrumb\",\"itemListElement\":[{\"@type\":\"ListItem\",\"position\":1,\"name\":\"Home\",\"item\":\"https:\/\/www.hhpce.cz\/\"},{\"@type\":\"ListItem\",\"position\":2,\"name\":\"Kontakt\"}]},{\"@type\":\"WebSite\",\"@id\":\"https:\/\/www.hhpce.cz\/#website\",\"url\":\"https:\/\/www.hhpce.cz\/\",\"name\":\"HHP HLEDA\u010cI HISTORIE PARDUBICKO Z.S.\",\"description\":\"\",\"publisher\":{\"@id\":\"https:\/\/www.hhpce.cz\/#organization\"},\"alternateName\":\"HHPCE.cz\",\"potentialAction\":[{\"@type\":\"SearchAction\",\"target\":{\"@type\":\"EntryPoint\",\"urlTemplate\":\"https:\/\/www.hhpce.cz\/?s={search_term_string}\"},\"query-input\":{\"@type\":\"PropertyValueSpecification\",\"valueRequired\":true,\"valueName\":\"search_term_string\"}}],\"inLanguage\":\"cs\"},{\"@type\":\"Organization\",\"@id\":\"https:\/\/www.hhpce.cz\/#organization\",\"name\":\"HHP HLEDA\u010cI HISTORIE PARDUBICKO Z.S.\",\"url\":\"https:\/\/www.hhpce.cz\/\",\"logo\":{\"@type\":\"ImageObject\",\"inLanguage\":\"cs\",\"@id\":\"https:\/\/www.hhpce.cz\/#\/schema\/logo\/image\/\",\"url\":\"https:\/\/www.hhpce.cz\/wp-content\/uploads\/2023\/11\/ssdd.png\",\"contentUrl\":\"https:\/\/www.hhpce.cz\/wp-content\/uploads\/2023\/11\/ssdd.png\",\"width\":600,\"height\":600,\"caption\":\"HHP HLEDA\u010cI HISTORIE PARDUBICKO Z.S.\"},\"image\":{\"@id\":\"https:\/\/www.hhpce.cz\/#\/schema\/logo\/image\/\"},\"sameAs\":[\"https:\/\/www.facebook.com\/HHPhledacihistoriePardubicko\"]}]}<\/script>\n<!-- \/ Yoast SEO plugin. -->","yoast_head_json":{"title":"Kontakt -","robots":{"index":"index","follow":"follow","max-snippet":"max-snippet:-1","max-image-preview":"max-image-preview:large","max-video-preview":"max-video-preview:-1"},"canonical":"https:\/\/www.hhpce.cz\/?page_id=43","og_locale":"cs_CZ","og_type":"article","og_title":"Kontakt -","og_description":"Anton\u00edn \u0160imon &#8211; p\u0159edseda spolku email &#8211; HHPTony@seznam.cz tel. 733 102 185 &nbsp; &nbsp; Roman Ded\u00edk &#8211; m\u00edstop\u0159edseda spolku email &#8211; HHPRoman@seznam.cz tel. 607 855 645","og_url":"https:\/\/www.hhpce.cz\/?page_id=43","article_publisher":"https:\/\/www.facebook.com\/HHPhledacihistoriePardubicko","article_modified_time":"2025-02-12T18:05:24+00:00","twitter_card":"summary_large_image","twitter_misc":{"Odhadovan\u00e1 doba \u010dten\u00ed":"1 minuta"},"schema":{"@context":"https:\/\/schema.org","@graph":[{"@type":"WebPage","@id":"https:\/\/www.hhpce.cz\/?page_id=43","url":"https:\/\/www.hhpce.cz\/?page_id=43","name":"Kontakt -","isPartOf":{"@id":"https:\/\/www.hhpce.cz\/#website"},"datePublished":"2022-08-28T20:02:43+00:00","dateModified":"2025-02-12T18:05:24+00:00","breadcrumb":{"@id":"https:\/\/www.hhpce.cz\/?page_id=43#breadcrumb"},"inLanguage":"cs","potentialAction":[{"@type":"ReadAction","target":["https:\/\/www.hhpce.cz\/?page_id=43"]}]},{"@type":"BreadcrumbList","@id":"https:\/\/www.hhpce.cz\/?page_id=43#breadcrumb","itemListElement":[{"@type":"ListItem","position":1,"name":"Home","item":"https:\/\/www.hhpce.cz\/"},{"@type":"ListItem","position":2,"name":"Kontakt"}]},{"@type":"WebSite","@id":"https:\/\/www.hhpce.cz\/#website","url":"https:\/\/www.hhpce.cz\/","name":"HHP HLEDA\u010cI HISTORIE PARDUBICKO Z.S.","description":"","publisher":{"@id":"https:\/\/www.hhpce.cz\/#organization"},"alternateName":"HHPCE.cz","potentialAction":[{"@type":"SearchAction","target":{"@type":"EntryPoint","urlTemplate":"https:\/\/www.hhpce.cz\/?s={search_term_string}"},"query-input":{"@type":"PropertyValueSpecification","valueRequired":true,"valueName":"search_term_string"}}],"inLanguage":"cs"},{"@type":"Organization","@id":"https:\/\/www.hhpce.cz\/#organization","name":"HHP HLEDA\u010cI HISTORIE PARDUBICKO Z.S.","url":"https:\/\/www.hhpce.cz\/","logo":{"@type":"ImageObject","inLanguage":"cs","@id":"https:\/\/www.hhpce.cz\/#\/schema\/logo\/image\/","url":"https:\/\/www.hhpce.cz\/wp-content\/uploads\/2023\/11\/ssdd.png","contentUrl":"https:\/\/www.hhpce.cz\/wp-content\/uploads\/2023\/11\/ssdd.png","width":600,"height":600,"caption":"HHP HLEDA\u010cI HISTORIE PARDUBICKO Z.S."},"image":{"@id":"https:\/\/www.hhpce.cz\/#\/schema\/logo\/image\/"},"sameAs":["https:\/\/www.facebook.com\/HHPhledacihistoriePardubicko"]}]}},"jetpack_sharing_enabled":true,"_links":{"self":[{"href":"https:\/\/www.hhpce.cz\/index.php?rest_route=\/wp\/v2\/pages\/43","targetHints":{"allow":["GET"]}}],"collection":[{"href":"https:\/\/www.hhpce.cz\/index.php?rest_route=\/wp\/v2\/pages"}],"about":[{"href":"https:\/\/www.hhpce.cz\/index.php?rest_route=\/wp\/v2\/types\/page"}],"author":[{"embeddable":true,"href":"https:\/\/www.hhpce.cz\/index.php?rest_route=\/wp\/v2\/users\/1"}],"replies":[{"embeddable":true,"href":"https:\/\/www.hhpce.cz\/index.php?rest_route=%2Fwp%2Fv2%2Fcomments&post=43"}],"version-history":[{"count":18,"href":"https:\/\/www.hhpce.cz\/index.php?rest_route=\/wp\/v2\/pages\/43\/revisions"}],"predecessor-version":[{"id":519,"href":"https:\/\/www.hhpce.cz\/index.php?rest_route=\/wp\/v2\/pages\/43\/revisions\/519"}],"wp:attachment":[{"href":"https:\/\/www.hhpce.cz\/index.php?rest_route=%2Fwp%2Fv2%2Fmedia&parent=43"}],"curies":[{"name":"wp","href":"https:\/\/api.w.org\/{rel}","templated":true}]}}