{"id":441,"date":"2023-11-26T18:16:01","date_gmt":"2023-11-26T17:16:01","guid":{"rendered":"https:\/\/www.hhpce.cz\/?page_id=441"},"modified":"2025-02-02T17:46:34","modified_gmt":"2025-02-02T16:46:34","slug":"mesmerize","status":"publish","type":"page","link":"https:\/\/www.hhpce.cz\/","title":{"rendered":"\u00davodn\u00ed str\u00e1nka"},"content":{"rendered":"","protected":false},"excerpt":{"rendered":"","protected":false},"author":1,"featured_media":0,"parent":0,"menu_order":0,"comment_status":"closed","ping_status":"closed","template":"page-templates\/homepage.php","meta":{"footnotes":""},"class_list":["post-441","page","type-page","status-publish","hentry"],"yoast_head":"<!-- This site is optimized with the Yoast SEO plugin v26.1.1 - https:\/\/yoast.com\/wordpress\/plugins\/seo\/ -->\n<title>\u00davodn\u00ed str\u00e1nka -<\/title>\n<meta name=\"robots\" content=\"index, follow, max-snippet:-1, max-image-preview:large, max-video-preview:-1\" \/>\n<link rel=\"canonical\" href=\"https:\/\/www.hhpce.cz\/\" \/>\n<meta property=\"og:locale\" content=\"cs_CZ\" \/>\n<meta property=\"og:type\" content=\"article\" \/>\n<meta property=\"og:title\" content=\"\u00davodn\u00ed str\u00e1nka -\" \/>\n<meta property=\"og:url\" content=\"https:\/\/www.hhpce.cz\/\" \/>\n<meta property=\"article:publisher\" content=\"https:\/\/www.facebook.com\/HHPhledacihistoriePardubicko\" \/>\n<meta property=\"article:modified_time\" content=\"2025-02-02T16:46:34+00:00\" \/>\n<meta name=\"twitter:card\" content=\"summary_large_image\" \/>\n<script type=\"application\/ld+json\" class=\"yoast-schema-graph\">{\"@context\":\"https:\/\/schema.org\",\"@graph\":[{\"@type\":\"WebPage\",\"@id\":\"https:\/\/www.hhpce.cz\/\",\"url\":\"https:\/\/www.hhpce.cz\/\",\"name\":\"\u00davodn\u00ed str\u00e1nka -\",\"isPartOf\":{\"@id\":\"https:\/\/www.hhpce.cz\/#website\"},\"datePublished\":\"2023-11-26T17:16:01+00:00\",\"dateModified\":\"2025-02-02T16:46:34+00:00\",\"breadcrumb\":{\"@id\":\"https:\/\/www.hhpce.cz\/#breadcrumb\"},\"inLanguage\":\"cs\",\"potentialAction\":[{\"@type\":\"ReadAction\",\"target\":[\"https:\/\/www.hhpce.cz\/\"]}]},{\"@type\":\"BreadcrumbList\",\"@id\":\"https:\/\/www.hhpce.cz\/#breadcrumb\",\"itemListElement\":[{\"@type\":\"ListItem\",\"position\":1,\"name\":\"Home\",\"item\":\"https:\/\/www.hhpce.cz\/\"},{\"@type\":\"ListItem\",\"position\":2,\"name\":\"\u00davodn\u00ed str\u00e1nka\"}]},{\"@type\":\"WebSite\",\"@id\":\"https:\/\/www.hhpce.cz\/#website\",\"url\":\"https:\/\/www.hhpce.cz\/\",\"name\":\"HHP HLEDA\u010cI HISTORIE PARDUBICKO Z.S.\",\"description\":\"\",\"publisher\":{\"@id\":\"https:\/\/www.hhpce.cz\/#organization\"},\"alternateName\":\"HHPCE.cz\",\"potentialAction\":[{\"@type\":\"SearchAction\",\"target\":{\"@type\":\"EntryPoint\",\"urlTemplate\":\"https:\/\/www.hhpce.cz\/?s={search_term_string}\"},\"query-input\":{\"@type\":\"PropertyValueSpecification\",\"valueRequired\":true,\"valueName\":\"search_term_string\"}}],\"inLanguage\":\"cs\"},{\"@type\":\"Organization\",\"@id\":\"https:\/\/www.hhpce.cz\/#organization\",\"name\":\"HHP HLEDA\u010cI HISTORIE PARDUBICKO Z.S.\",\"url\":\"https:\/\/www.hhpce.cz\/\",\"logo\":{\"@type\":\"ImageObject\",\"inLanguage\":\"cs\",\"@id\":\"https:\/\/www.hhpce.cz\/#\/schema\/logo\/image\/\",\"url\":\"https:\/\/www.hhpce.cz\/wp-content\/uploads\/2023\/11\/ssdd.png\",\"contentUrl\":\"https:\/\/www.hhpce.cz\/wp-content\/uploads\/2023\/11\/ssdd.png\",\"width\":600,\"height\":600,\"caption\":\"HHP HLEDA\u010cI HISTORIE PARDUBICKO Z.S.\"},\"image\":{\"@id\":\"https:\/\/www.hhpce.cz\/#\/schema\/logo\/image\/\"},\"sameAs\":[\"https:\/\/www.facebook.com\/HHPhledacihistoriePardubicko\"]}]}<\/script>\n<!-- \/ Yoast SEO plugin. -->","yoast_head_json":{"title":"\u00davodn\u00ed str\u00e1nka -","robots":{"index":"index","follow":"follow","max-snippet":"max-snippet:-1","max-image-preview":"max-image-preview:large","max-video-preview":"max-video-preview:-1"},"canonical":"https:\/\/www.hhpce.cz\/","og_locale":"cs_CZ","og_type":"article","og_title":"\u00davodn\u00ed str\u00e1nka -","og_url":"https:\/\/www.hhpce.cz\/","article_publisher":"https:\/\/www.facebook.com\/HHPhledacihistoriePardubicko","article_modified_time":"2025-02-02T16:46:34+00:00","twitter_card":"summary_large_image","schema":{"@context":"https:\/\/schema.org","@graph":[{"@type":"WebPage","@id":"https:\/\/www.hhpce.cz\/","url":"https:\/\/www.hhpce.cz\/","name":"\u00davodn\u00ed str\u00e1nka -","isPartOf":{"@id":"https:\/\/www.hhpce.cz\/#website"},"datePublished":"2023-11-26T17:16:01+00:00","dateModified":"2025-02-02T16:46:34+00:00","breadcrumb":{"@id":"https:\/\/www.hhpce.cz\/#breadcrumb"},"inLanguage":"cs","potentialAction":[{"@type":"ReadAction","target":["https:\/\/www.hhpce.cz\/"]}]},{"@type":"BreadcrumbList","@id":"https:\/\/www.hhpce.cz\/#breadcrumb","itemListElement":[{"@type":"ListItem","position":1,"name":"Home","item":"https:\/\/www.hhpce.cz\/"},{"@type":"ListItem","position":2,"name":"\u00davodn\u00ed str\u00e1nka"}]},{"@type":"WebSite","@id":"https:\/\/www.hhpce.cz\/#website","url":"https:\/\/www.hhpce.cz\/","name":"HHP HLEDA\u010cI HISTORIE PARDUBICKO Z.S.","description":"","publisher":{"@id":"https:\/\/www.hhpce.cz\/#organization"},"alternateName":"HHPCE.cz","potentialAction":[{"@type":"SearchAction","target":{"@type":"EntryPoint","urlTemplate":"https:\/\/www.hhpce.cz\/?s={search_term_string}"},"query-input":{"@type":"PropertyValueSpecification","valueRequired":true,"valueName":"search_term_string"}}],"inLanguage":"cs"},{"@type":"Organization","@id":"https:\/\/www.hhpce.cz\/#organization","name":"HHP HLEDA\u010cI HISTORIE PARDUBICKO Z.S.","url":"https:\/\/www.hhpce.cz\/","logo":{"@type":"ImageObject","inLanguage":"cs","@id":"https:\/\/www.hhpce.cz\/#\/schema\/logo\/image\/","url":"https:\/\/www.hhpce.cz\/wp-content\/uploads\/2023\/11\/ssdd.png","contentUrl":"https:\/\/www.hhpce.cz\/wp-content\/uploads\/2023\/11\/ssdd.png","width":600,"height":600,"caption":"HHP HLEDA\u010cI HISTORIE PARDUBICKO Z.S."},"image":{"@id":"https:\/\/www.hhpce.cz\/#\/schema\/logo\/image\/"},"sameAs":["https:\/\/www.facebook.com\/HHPhledacihistoriePardubicko"]}]}},"jetpack_sharing_enabled":true,"_links":{"self":[{"href":"https:\/\/www.hhpce.cz\/index.php?rest_route=\/wp\/v2\/pages\/441","targetHints":{"allow":["GET"]}}],"collection":[{"href":"https:\/\/www.hhpce.cz\/index.php?rest_route=\/wp\/v2\/pages"}],"about":[{"href":"https:\/\/www.hhpce.cz\/index.php?rest_route=\/wp\/v2\/types\/page"}],"author":[{"embeddable":true,"href":"https:\/\/www.hhpce.cz\/index.php?rest_route=\/wp\/v2\/users\/1"}],"replies":[{"embeddable":true,"href":"https:\/\/www.hhpce.cz\/index.php?rest_route=%2Fwp%2Fv2%2Fcomments&post=441"}],"version-history":[{"count":4,"href":"https:\/\/www.hhpce.cz\/index.php?rest_route=\/wp\/v2\/pages\/441\/revisions"}],"predecessor-version":[{"id":498,"href":"https:\/\/www.hhpce.cz\/index.php?rest_route=\/wp\/v2\/pages\/441\/revisions\/498"}],"wp:attachment":[{"href":"https:\/\/www.hhpce.cz\/index.php?rest_route=%2Fwp%2Fv2%2Fmedia&parent=441"}],"curies":[{"name":"wp","href":"https:\/\/api.w.org\/{rel}","templated":true}]}}