{"id":503,"date":"2025-02-02T17:55:28","date_gmt":"2025-02-02T16:55:28","guid":{"rendered":"https:\/\/www.hhpce.cz\/?page_id=503"},"modified":"2026-01-18T11:26:44","modified_gmt":"2026-01-18T10:26:44","slug":"doubi-2025","status":"publish","type":"page","link":"https:\/\/www.hhpce.cz\/?page_id=503","title":{"rendered":"Sraz hleda\u010d\u016f 2026"},"content":{"rendered":"<p data-start=\"1201\" data-end=\"1313\"><img loading=\"lazy\" decoding=\"async\" class=\" wp-image-546 aligncenter\" src=\"https:\/\/www.hhpce.cz\/wp-content\/uploads\/2026\/01\/Akce-se-kona-pod-zastitou-hejtmana-Pardubickeho-kraje-Martina-Netolickeho-212x300.png\" alt=\"\" width=\"432\" height=\"611\" srcset=\"https:\/\/www.hhpce.cz\/wp-content\/uploads\/2026\/01\/Akce-se-kona-pod-zastitou-hejtmana-Pardubickeho-kraje-Martina-Netolickeho-212x300.png 212w, https:\/\/www.hhpce.cz\/wp-content\/uploads\/2026\/01\/Akce-se-kona-pod-zastitou-hejtmana-Pardubickeho-kraje-Martina-Netolickeho-724x1024.png 724w, https:\/\/www.hhpce.cz\/wp-content\/uploads\/2026\/01\/Akce-se-kona-pod-zastitou-hejtmana-Pardubickeho-kraje-Martina-Netolickeho-768x1086.png 768w, https:\/\/www.hhpce.cz\/wp-content\/uploads\/2026\/01\/Akce-se-kona-pod-zastitou-hejtmana-Pardubickeho-kraje-Martina-Netolickeho-1086x1536.png 1086w, https:\/\/www.hhpce.cz\/wp-content\/uploads\/2026\/01\/Akce-se-kona-pod-zastitou-hejtmana-Pardubickeho-kraje-Martina-Netolickeho-1448x2048.png 1448w, https:\/\/www.hhpce.cz\/wp-content\/uploads\/2026\/01\/Akce-se-kona-pod-zastitou-hejtmana-Pardubickeho-kraje-Martina-Netolickeho-1024x1449.png 1024w, https:\/\/www.hhpce.cz\/wp-content\/uploads\/2026\/01\/Akce-se-kona-pod-zastitou-hejtmana-Pardubickeho-kraje-Martina-Netolickeho-763x1080.png 763w, https:\/\/www.hhpce.cz\/wp-content\/uploads\/2026\/01\/Akce-se-kona-pod-zastitou-hejtmana-Pardubickeho-kraje-Martina-Netolickeho.png 1587w\" sizes=\"auto, (max-width: 432px) 100vw, 432px\" \/><\/p>\n<p>&nbsp;<\/p>\n<h4 class=\"xdj266r x11i5rnm xat24cr x1mh8g0r x1vvkbs\"><span style=\"color: #000000;\">V\u00e1\u017een\u00ed hleda\u010di poklad\u016f a dobrodruzi!<\/span><\/h4>\n<p class=\"x11i5rnm xat24cr x1mh8g0r x1vvkbs xtlvy1s\"><span style=\"color: #000000;\">Spolek Hleda\u010di Historie Pardubicko z.s. V\u00e1s srde\u010dn\u011b zve na dal\u0161\u00ed p\u0159\u00e1telsk\u00e9 setk\u00e1n\u00ed detektor\u00e1\u0159\u016f, hleda\u010d\u016f a p\u0159\u00edznivc\u016f historie. <\/span><\/p>\n<p class=\"x11i5rnm xat24cr x1mh8g0r x1vvkbs xtlvy1s\"><span style=\"color: #000000;\">Sraz se uskute\u010dn\u00ed ve dnech 18.- 20. z\u00e1\u0159\u00ed 2026 v p\u0159\u00edjemn\u00e9m prost\u0159ed\u00ed LDT Ml\u00fdnek u obce Veliny.<\/span><\/p>\n<p class=\"x11i5rnm xat24cr x1mh8g0r x1vvkbs xtlvy1s\"><span style=\"color: #000000;\">\u010cek\u00e1 v\u00e1s nejen skv\u011bl\u00e1 atmosf\u00e9ra, ale tak\u00e9 pestr\u00fd program se sout\u011b\u017eemi, inspirativn\u00edmi p\u0159edn\u00e1\u0161kami a bohatou tombolou.<\/span><\/p>\n<h2 style=\"text-align: center;\">\u00a0<span style=\"color: #ff9900;\">Informace o programu bude brzy dopln\u011bna<\/span><\/h2>\n<p class=\"x11i5rnm xat24cr x1mh8g0r x1vvkbs xtlvy1s\"><strong><span style=\"color: #000000;\">Vstupn\u00e9 na akci je 150 K\u010d<\/span><\/strong><\/p>\n<p class=\"x11i5rnm xat24cr x1mh8g0r x1vvkbs xtlvy1s\"><strong><span style=\"color: #000000;\">Ob\u010derstven\u00ed zaji\u0161t\u011bno<\/span><\/strong><\/p>\n<p class=\"x11i5rnm xat24cr x1mh8g0r x1vvkbs xtlvy1s\"><strong><span style=\"color: #000000;\">Ubytov\u00e1n\u00ed:<\/span><\/strong><\/p>\n<ul>\n<li class=\"x11i5rnm xat24cr x1mh8g0r x1vvkbs xtlvy1s\"><span style=\"color: #000000;\">Rezervace je mo\u017en\u00e1 pouze u n\u00e1s. Pros\u00edm nevolejte do t\u00e1bora<\/span><\/li>\n<li class=\"x11i5rnm xat24cr x1mh8g0r x1vvkbs xtlvy1s\"><span style=\"color: #000000;\">V are\u00e1lu t\u00e1bora je k dispozici 17 \u0161estil\u016f\u017ekov\u00fdch chatek. Cena za <strong>chatku<\/strong> 400 K\u010d\/noc. Po proveden\u00ed rezervace za\u0161leme podklady k platb\u011b<\/span><\/li>\n<li><span style=\"color: #000000;\">Zap\u016fj\u010den\u00ed povle\u010den\u00ed 85 K\u010d\/ks<\/span><\/li>\n<li class=\"x11i5rnm xat24cr x1mh8g0r x1vvkbs xtlvy1s\"><span style=\"color: #000000;\">Stanov\u00e1n\u00ed v are\u00e1lu<\/span><\/li>\n<\/ul>\n<p class=\"x11i5rnm xat24cr x1mh8g0r x1vvkbs xtlvy1s\"><span style=\"color: #000000;\">Dotazy a objedn\u00e1vky ubytov\u00e1n\u00ed sm\u011b\u0159ujte na email <strong>HHPTony@seznam.cz<\/strong><\/span><\/p>\n<p><span style=\"color: #000000;\">Odkaz na mapy:<\/span><\/p>\n<p><a href=\"https:\/\/maps.app.goo.gl\/1T9hUxTuuHUEFVSV8\">https:\/\/maps.app.goo.gl\/1T9hUxTuuHUEFVSV8<\/a><\/p>\n","protected":false},"excerpt":{"rendered":"<p>&nbsp; V\u00e1\u017een\u00ed hleda\u010di poklad\u016f a dobrodruzi! Spolek Hleda\u010di Historie Pardubicko z.s. V\u00e1s srde\u010dn\u011b zve na dal\u0161\u00ed p\u0159\u00e1telsk\u00e9 setk\u00e1n\u00ed detektor\u00e1\u0159\u016f, hleda\u010d\u016f a p\u0159\u00edznivc\u016f historie. Sraz se uskute\u010dn\u00ed ve dnech 18.- 20. z\u00e1\u0159\u00ed 2026 v p\u0159\u00edjemn\u00e9m prost\u0159ed\u00ed LDT Ml\u00fdnek u obce Veliny. \u010cek\u00e1 v\u00e1s nejen skv\u011bl\u00e1 atmosf\u00e9ra, ale tak\u00e9 pestr\u00fd program se sout\u011b\u017eemi, inspirativn\u00edmi p\u0159edn\u00e1\u0161kami a bohatou&hellip; <br \/> <a class=\"read-more\" href=\"https:\/\/www.hhpce.cz\/?page_id=503\">V\u00edce<\/a><\/p>\n","protected":false},"author":1,"featured_media":0,"parent":0,"menu_order":0,"comment_status":"closed","ping_status":"closed","template":"","meta":{"footnotes":""},"class_list":["post-503","page","type-page","status-publish","hentry"],"yoast_head":"<!-- This site is optimized with the Yoast SEO plugin v26.1.1 - https:\/\/yoast.com\/wordpress\/plugins\/seo\/ -->\n<title>Sraz hleda\u010d\u016f 2026 -<\/title>\n<meta name=\"robots\" content=\"index, follow, max-snippet:-1, max-image-preview:large, max-video-preview:-1\" \/>\n<link rel=\"canonical\" href=\"https:\/\/www.hhpce.cz\/?page_id=503\" \/>\n<meta property=\"og:locale\" content=\"cs_CZ\" \/>\n<meta property=\"og:type\" content=\"article\" \/>\n<meta property=\"og:title\" content=\"Sraz hleda\u010d\u016f 2026 -\" \/>\n<meta property=\"og:description\" content=\"&nbsp; V\u00e1\u017een\u00ed hleda\u010di poklad\u016f a dobrodruzi! Spolek Hleda\u010di Historie Pardubicko z.s. V\u00e1s srde\u010dn\u011b zve na dal\u0161\u00ed p\u0159\u00e1telsk\u00e9 setk\u00e1n\u00ed detektor\u00e1\u0159\u016f, hleda\u010d\u016f a p\u0159\u00edznivc\u016f historie. Sraz se uskute\u010dn\u00ed ve dnech 18.- 20. z\u00e1\u0159\u00ed 2026 v p\u0159\u00edjemn\u00e9m prost\u0159ed\u00ed LDT Ml\u00fdnek u obce Veliny. \u010cek\u00e1 v\u00e1s nejen skv\u011bl\u00e1 atmosf\u00e9ra, ale tak\u00e9 pestr\u00fd program se sout\u011b\u017eemi, inspirativn\u00edmi p\u0159edn\u00e1\u0161kami a bohatou&hellip; V\u00edce\" \/>\n<meta property=\"og:url\" content=\"https:\/\/www.hhpce.cz\/?page_id=503\" \/>\n<meta property=\"article:publisher\" content=\"https:\/\/www.facebook.com\/HHPhledacihistoriePardubicko\" \/>\n<meta property=\"article:modified_time\" content=\"2026-01-18T10:26:44+00:00\" \/>\n<meta property=\"og:image\" content=\"https:\/\/www.hhpce.cz\/wp-content\/uploads\/2026\/01\/Akce-se-kona-pod-zastitou-hejtmana-Pardubickeho-kraje-Martina-Netolickeho.png\" \/>\n\t<meta property=\"og:image:width\" content=\"1587\" \/>\n\t<meta property=\"og:image:height\" content=\"2245\" \/>\n\t<meta property=\"og:image:type\" content=\"image\/png\" \/>\n<meta name=\"twitter:card\" content=\"summary_large_image\" \/>\n<meta name=\"twitter:label1\" content=\"Odhadovan\u00e1 doba \u010dten\u00ed\" \/>\n\t<meta name=\"twitter:data1\" content=\"1 minuta\" \/>\n<script type=\"application\/ld+json\" class=\"yoast-schema-graph\">{\"@context\":\"https:\/\/schema.org\",\"@graph\":[{\"@type\":\"WebPage\",\"@id\":\"https:\/\/www.hhpce.cz\/?page_id=503\",\"url\":\"https:\/\/www.hhpce.cz\/?page_id=503\",\"name\":\"Sraz hleda\u010d\u016f 2026 -\",\"isPartOf\":{\"@id\":\"https:\/\/www.hhpce.cz\/#website\"},\"primaryImageOfPage\":{\"@id\":\"https:\/\/www.hhpce.cz\/?page_id=503#primaryimage\"},\"image\":{\"@id\":\"https:\/\/www.hhpce.cz\/?page_id=503#primaryimage\"},\"thumbnailUrl\":\"https:\/\/www.hhpce.cz\/wp-content\/uploads\/2026\/01\/Akce-se-kona-pod-zastitou-hejtmana-Pardubickeho-kraje-Martina-Netolickeho-212x300.png\",\"datePublished\":\"2025-02-02T16:55:28+00:00\",\"dateModified\":\"2026-01-18T10:26:44+00:00\",\"breadcrumb\":{\"@id\":\"https:\/\/www.hhpce.cz\/?page_id=503#breadcrumb\"},\"inLanguage\":\"cs\",\"potentialAction\":[{\"@type\":\"ReadAction\",\"target\":[\"https:\/\/www.hhpce.cz\/?page_id=503\"]}]},{\"@type\":\"ImageObject\",\"inLanguage\":\"cs\",\"@id\":\"https:\/\/www.hhpce.cz\/?page_id=503#primaryimage\",\"url\":\"https:\/\/www.hhpce.cz\/wp-content\/uploads\/2026\/01\/Akce-se-kona-pod-zastitou-hejtmana-Pardubickeho-kraje-Martina-Netolickeho.png\",\"contentUrl\":\"https:\/\/www.hhpce.cz\/wp-content\/uploads\/2026\/01\/Akce-se-kona-pod-zastitou-hejtmana-Pardubickeho-kraje-Martina-Netolickeho.png\",\"width\":1587,\"height\":2245},{\"@type\":\"BreadcrumbList\",\"@id\":\"https:\/\/www.hhpce.cz\/?page_id=503#breadcrumb\",\"itemListElement\":[{\"@type\":\"ListItem\",\"position\":1,\"name\":\"Home\",\"item\":\"https:\/\/www.hhpce.cz\/\"},{\"@type\":\"ListItem\",\"position\":2,\"name\":\"Sraz hleda\u010d\u016f 2026\"}]},{\"@type\":\"WebSite\",\"@id\":\"https:\/\/www.hhpce.cz\/#website\",\"url\":\"https:\/\/www.hhpce.cz\/\",\"name\":\"HHP HLEDA\u010cI HISTORIE PARDUBICKO Z.S.\",\"description\":\"\",\"publisher\":{\"@id\":\"https:\/\/www.hhpce.cz\/#organization\"},\"alternateName\":\"HHPCE.cz\",\"potentialAction\":[{\"@type\":\"SearchAction\",\"target\":{\"@type\":\"EntryPoint\",\"urlTemplate\":\"https:\/\/www.hhpce.cz\/?s={search_term_string}\"},\"query-input\":{\"@type\":\"PropertyValueSpecification\",\"valueRequired\":true,\"valueName\":\"search_term_string\"}}],\"inLanguage\":\"cs\"},{\"@type\":\"Organization\",\"@id\":\"https:\/\/www.hhpce.cz\/#organization\",\"name\":\"HHP HLEDA\u010cI HISTORIE PARDUBICKO Z.S.\",\"url\":\"https:\/\/www.hhpce.cz\/\",\"logo\":{\"@type\":\"ImageObject\",\"inLanguage\":\"cs\",\"@id\":\"https:\/\/www.hhpce.cz\/#\/schema\/logo\/image\/\",\"url\":\"https:\/\/www.hhpce.cz\/wp-content\/uploads\/2023\/11\/ssdd.png\",\"contentUrl\":\"https:\/\/www.hhpce.cz\/wp-content\/uploads\/2023\/11\/ssdd.png\",\"width\":600,\"height\":600,\"caption\":\"HHP HLEDA\u010cI HISTORIE PARDUBICKO Z.S.\"},\"image\":{\"@id\":\"https:\/\/www.hhpce.cz\/#\/schema\/logo\/image\/\"},\"sameAs\":[\"https:\/\/www.facebook.com\/HHPhledacihistoriePardubicko\"]}]}<\/script>\n<!-- \/ Yoast SEO plugin. -->","yoast_head_json":{"title":"Sraz hleda\u010d\u016f 2026 -","robots":{"index":"index","follow":"follow","max-snippet":"max-snippet:-1","max-image-preview":"max-image-preview:large","max-video-preview":"max-video-preview:-1"},"canonical":"https:\/\/www.hhpce.cz\/?page_id=503","og_locale":"cs_CZ","og_type":"article","og_title":"Sraz hleda\u010d\u016f 2026 -","og_description":"&nbsp; V\u00e1\u017een\u00ed hleda\u010di poklad\u016f a dobrodruzi! Spolek Hleda\u010di Historie Pardubicko z.s. V\u00e1s srde\u010dn\u011b zve na dal\u0161\u00ed p\u0159\u00e1telsk\u00e9 setk\u00e1n\u00ed detektor\u00e1\u0159\u016f, hleda\u010d\u016f a p\u0159\u00edznivc\u016f historie. Sraz se uskute\u010dn\u00ed ve dnech 18.- 20. z\u00e1\u0159\u00ed 2026 v p\u0159\u00edjemn\u00e9m prost\u0159ed\u00ed LDT Ml\u00fdnek u obce Veliny. \u010cek\u00e1 v\u00e1s nejen skv\u011bl\u00e1 atmosf\u00e9ra, ale tak\u00e9 pestr\u00fd program se sout\u011b\u017eemi, inspirativn\u00edmi p\u0159edn\u00e1\u0161kami a bohatou&hellip; V\u00edce","og_url":"https:\/\/www.hhpce.cz\/?page_id=503","article_publisher":"https:\/\/www.facebook.com\/HHPhledacihistoriePardubicko","article_modified_time":"2026-01-18T10:26:44+00:00","og_image":[{"width":1587,"height":2245,"url":"https:\/\/www.hhpce.cz\/wp-content\/uploads\/2026\/01\/Akce-se-kona-pod-zastitou-hejtmana-Pardubickeho-kraje-Martina-Netolickeho.png","type":"image\/png"}],"twitter_card":"summary_large_image","twitter_misc":{"Odhadovan\u00e1 doba \u010dten\u00ed":"1 minuta"},"schema":{"@context":"https:\/\/schema.org","@graph":[{"@type":"WebPage","@id":"https:\/\/www.hhpce.cz\/?page_id=503","url":"https:\/\/www.hhpce.cz\/?page_id=503","name":"Sraz hleda\u010d\u016f 2026 -","isPartOf":{"@id":"https:\/\/www.hhpce.cz\/#website"},"primaryImageOfPage":{"@id":"https:\/\/www.hhpce.cz\/?page_id=503#primaryimage"},"image":{"@id":"https:\/\/www.hhpce.cz\/?page_id=503#primaryimage"},"thumbnailUrl":"https:\/\/www.hhpce.cz\/wp-content\/uploads\/2026\/01\/Akce-se-kona-pod-zastitou-hejtmana-Pardubickeho-kraje-Martina-Netolickeho-212x300.png","datePublished":"2025-02-02T16:55:28+00:00","dateModified":"2026-01-18T10:26:44+00:00","breadcrumb":{"@id":"https:\/\/www.hhpce.cz\/?page_id=503#breadcrumb"},"inLanguage":"cs","potentialAction":[{"@type":"ReadAction","target":["https:\/\/www.hhpce.cz\/?page_id=503"]}]},{"@type":"ImageObject","inLanguage":"cs","@id":"https:\/\/www.hhpce.cz\/?page_id=503#primaryimage","url":"https:\/\/www.hhpce.cz\/wp-content\/uploads\/2026\/01\/Akce-se-kona-pod-zastitou-hejtmana-Pardubickeho-kraje-Martina-Netolickeho.png","contentUrl":"https:\/\/www.hhpce.cz\/wp-content\/uploads\/2026\/01\/Akce-se-kona-pod-zastitou-hejtmana-Pardubickeho-kraje-Martina-Netolickeho.png","width":1587,"height":2245},{"@type":"BreadcrumbList","@id":"https:\/\/www.hhpce.cz\/?page_id=503#breadcrumb","itemListElement":[{"@type":"ListItem","position":1,"name":"Home","item":"https:\/\/www.hhpce.cz\/"},{"@type":"ListItem","position":2,"name":"Sraz hleda\u010d\u016f 2026"}]},{"@type":"WebSite","@id":"https:\/\/www.hhpce.cz\/#website","url":"https:\/\/www.hhpce.cz\/","name":"HHP HLEDA\u010cI HISTORIE PARDUBICKO Z.S.","description":"","publisher":{"@id":"https:\/\/www.hhpce.cz\/#organization"},"alternateName":"HHPCE.cz","potentialAction":[{"@type":"SearchAction","target":{"@type":"EntryPoint","urlTemplate":"https:\/\/www.hhpce.cz\/?s={search_term_string}"},"query-input":{"@type":"PropertyValueSpecification","valueRequired":true,"valueName":"search_term_string"}}],"inLanguage":"cs"},{"@type":"Organization","@id":"https:\/\/www.hhpce.cz\/#organization","name":"HHP HLEDA\u010cI HISTORIE PARDUBICKO Z.S.","url":"https:\/\/www.hhpce.cz\/","logo":{"@type":"ImageObject","inLanguage":"cs","@id":"https:\/\/www.hhpce.cz\/#\/schema\/logo\/image\/","url":"https:\/\/www.hhpce.cz\/wp-content\/uploads\/2023\/11\/ssdd.png","contentUrl":"https:\/\/www.hhpce.cz\/wp-content\/uploads\/2023\/11\/ssdd.png","width":600,"height":600,"caption":"HHP HLEDA\u010cI HISTORIE PARDUBICKO Z.S."},"image":{"@id":"https:\/\/www.hhpce.cz\/#\/schema\/logo\/image\/"},"sameAs":["https:\/\/www.facebook.com\/HHPhledacihistoriePardubicko"]}]}},"jetpack_sharing_enabled":true,"_links":{"self":[{"href":"https:\/\/www.hhpce.cz\/index.php?rest_route=\/wp\/v2\/pages\/503","targetHints":{"allow":["GET"]}}],"collection":[{"href":"https:\/\/www.hhpce.cz\/index.php?rest_route=\/wp\/v2\/pages"}],"about":[{"href":"https:\/\/www.hhpce.cz\/index.php?rest_route=\/wp\/v2\/types\/page"}],"author":[{"embeddable":true,"href":"https:\/\/www.hhpce.cz\/index.php?rest_route=\/wp\/v2\/users\/1"}],"replies":[{"embeddable":true,"href":"https:\/\/www.hhpce.cz\/index.php?rest_route=%2Fwp%2Fv2%2Fcomments&post=503"}],"version-history":[{"count":27,"href":"https:\/\/www.hhpce.cz\/index.php?rest_route=\/wp\/v2\/pages\/503\/revisions"}],"predecessor-version":[{"id":548,"href":"https:\/\/www.hhpce.cz\/index.php?rest_route=\/wp\/v2\/pages\/503\/revisions\/548"}],"wp:attachment":[{"href":"https:\/\/www.hhpce.cz\/index.php?rest_route=%2Fwp%2Fv2%2Fmedia&parent=503"}],"curies":[{"name":"wp","href":"https:\/\/api.w.org\/{rel}","templated":true}]}}